{"id":225,"date":"2020-03-18T19:33:34","date_gmt":"2020-03-19T00:33:34","guid":{"rendered":"https:\/\/dephy-mtl.org\/survey\/?page_id=225"},"modified":"2023-10-12T13:43:48","modified_gmt":"2023-10-12T17:43:48","slug":"covid-19","status":"publish","type":"page","link":"https:\/\/dephy-mtl.org\/survey\/covid-19\/","title":{"rendered":"COVID-19 : des r\u00e9ponses \u00e0 vos questions"},"content":{"rendered":"\n<div class=\"alert\" role=\"alert\">\n<span aria-label=\"Attention ! \" class=\"dashicons dashicons-warning\"><\/span>Printemps 2022: <strong>Fin de la mise \u00e0 jour des articles publi\u00e9s sur ce site<\/strong>, dont les informations peuvent \u00eatre devenues inexactes ou invalides. Seules de nouvelles actualit\u00e9s seront ajout\u00e9es \u00e0 l\u2019occasion. <br \/>Nous vous invitons \u00e0 consulter les sources d\u2019informations officielles.<\/div>\n<p><div class=\"frm_no_entries\"><p><form action=\"https:\/\/dephy-mtl.org\/survey\/covid-19\/\" id=\"frm_search_form\" method=\"get\" class=\"searchform wp-block-search\"><input type=\"search\" name=\"frm_search\" id=\"frm_search\" class=\"s wp-block-search__input\" value=\"\" \/><input type=\"submit\" value=\"Recherche par terme\" class=\"searchsubmit wp-block-search__button\" \/><\/form><br \/>\n<link rel='stylesheet' id='formidable-css' href='https:\/\/dephy-mtl.org\/survey\/wp-content\/plugins\/formidable\/css\/formidableforms.css?ver=3231906' media='all' \/><div class=\"frm_forms  with_frm_style frm_inline_form frm_style_style-formidable\" id=\"frm_form_11_container\" ><form enctype=\"multipart\/form-data\" method=\"post\" class=\"frm-show-form  frm_pro_form \" id=\"form_covid-19-faq-slectiondusujet\" ><div class=\"frm_form_fields \"><fieldset><div class=\"frm_fields_container\"><input type=\"hidden\" name=\"frm_action\" value=\"create\" \/><input type=\"hidden\" name=\"form_id\" value=\"11\" \/><input type=\"hidden\" name=\"frm_hide_fields_11\" id=\"frm_hide_fields_11\" value=\"\" \/><input type=\"hidden\" name=\"form_key\" value=\"covid-19-faq-slectiondusujet\" \/><input type=\"hidden\" name=\"item_meta[0]\" value=\"\" \/><input type=\"hidden\" id=\"frm_submit_entry_11\" name=\"frm_submit_entry_11\" value=\"8362f734a7\" \/><input type=\"hidden\" name=\"_wp_http_referer\" value=\"\/survey\/wp-json\/wp\/v2\/pages\/225\" \/><div id=\"frm_field_193_container\" class=\"frm_form_field form-field  frm_none_container\"><label for=\"field_subject\" id=\"field_subject_label\" class=\"frm_primary_label\">S\u00e9lectionner un sujet<span class=\"frm_required\"><\/span><\/label><select name=\"item_meta[193]\" id=\"field_subject\"  data-placeholder=\"Liste des sujets\"  placeholder=\"Liste des sujets\" data-invmsg=\"S\u00e9lectionner un sujet est non valide\" aria-invalid=\"false\"  ><option  class=\"frm-select-placeholder\" value=\"\" data-placeholder=\"true\">Liste des sujets<\/option><option  value=\"45\">Alimentation (6)<\/option><option  value=\"49\">Animaux (soins et alimentation) (0)<\/option><option  value=\"43\">Attention aux fraudes (4)<\/option><option  value=\"34\">Besoins particuliers (65)<\/option><option  value=\"44\">\u00c7a se passe \u00e0 Montr\u00e9al (65)<\/option><option  value=\"37\">Commerces &amp; Services de proximit\u00e9 (17)<\/option><option  value=\"41\">Contribuer (6)<\/option><option  value=\"46\">\u00c9ducation (49)<\/option><option  value=\"42\">Enfants et adolescents (49)<\/option><option  value=\"25\">Fiscalit\u00e9 &amp; Aides financi\u00e8res (24)<\/option><option  value=\"39\">Guides &amp; Outils (36)<\/option><option  value=\"26\">H\u00e9bergement &amp; Logement (41)<\/option><option  value=\"21\">La COVID-19 dans le monde (96)<\/option><option  value=\"23\">L&#039;ABC de la COVID-19 (62)<\/option><option  value=\"54\">Masque &amp; Couvre-visage (41)<\/option><option  value=\"33\">Organismes communautaires (61)<\/option><option  value=\"35\">Pr\u00e9vention &amp; D\u00e9pistage (75)<\/option><option  value=\"47\">Quelques actions du milieu associatif (139)<\/option><option  value=\"29\">Quoi faire \u00e0 la maison (12)<\/option><option  value=\"52\">Quoi faire \u00e0 l&#039;ext\u00e9rieur (2)<\/option><option  value=\"51\">Reprise \/ Suspension des activit\u00e9s (43)<\/option><option  value=\"48\">Ressources utiles (33)<\/option><option  value=\"55\">Sant\u00e9 &amp; Services sociaux (105)<\/option><option  value=\"30\">Services de soutien \u00e0 domicile (16)<\/option><option  value=\"38\">Soci\u00e9t\u00e9 (134)<\/option><option  value=\"53\">Sondages &amp; Enqu\u00eates (17)<\/option><option  value=\"31\">Transport (12)<\/option><option  value=\"32\">Travail &amp; Emploi (29)<\/option><option  value=\"56\">Vaccination (46)<\/option><\/select><\/div><input type=\"hidden\" name=\"item_key\" value=\"\" \/><div id=\"frm_field_1818_container\"><label for=\"field_lfoxk\" >Si vous \u00eates un humain, ne remplissez pas ce champ.<\/label><input  id=\"field_lfoxk\" type=\"text\" class=\"frm_form_field form-field frm_verify\" name=\"item_meta[1818]\" value=\"\"  \/><\/div><input name=\"frm_state\" type=\"hidden\" value=\"i8yz3V3rDDbvDnng6P0Rfuo1hGNI\/ZYCbVJfmIczZ2dJgt8hcyzHS0Z\/s2zStNl\/AhNqI9Z4qHLixdNxsqPvpzY8Cbhl\/KVTHxtVMz+6yoA=\" \/><div class=\"frm_submit\"><button class=\"frm_button_submit frm_final_submit\" type=\"submit\"  >Recherche par sujet<\/button><\/div><\/div><\/fieldset><\/div><\/form><\/div><\/p>\n<h2>Derniers articles<\/h2>\n<article id=\"entry-5495\" class=\"post type-post status-publish format-standard hentry\" >\n<header class=\"entry-header\">\n<h3 class=\"entry-title\"><a href=\"https:\/\/dephy-mtl.org\/survey\/article-covid\/?entry_id=5495\">Lancement de l&rsquo;OSBL \u00ab\u00a0Soci\u00e9t\u00e9 canadienne de la COVID\u00a0\u00bb<\/a><\/h3>\n<div class=\"entry-meta\">Mis \u00e0 jour le mercredi 06 mars 2024<\/div>\n<\/header>\n<div class=\"entry-summary\">\n<p>La soci\u00e9t\u00e9 nationale vise \u00e0 mener la lutte contre la COVID-19 en d\u00e9fendant les personnes souffrant de la COVID longue et en sensibilisant \u00e0 la pr\u00e9vention des infections en cours.<\/p>\n<p>Les fondateurs&#8230;<\/p>\n<p class=\"link-more\"><a href=\"https:\/\/dephy-mtl.org\/survey\/article-covid\/?entry_id=5495\" class=\"more-link\">Continuer la lecture <span class=\"screen-reader-text\"> de Lancement de l&rsquo;OSBL \u00ab\u00a0Soci\u00e9t\u00e9 canadienne de la COVID\u00a0\u00bb<\/span><\/a><\/p>\n<\/p><\/div>\n<\/article>\n<article id=\"entry-5107\" class=\"post type-post status-publish format-standard hentry\" >\n<header class=\"entry-header\">\n<h3 class=\"entry-title\"><a href=\"https:\/\/dephy-mtl.org\/survey\/article-covid\/?entry_id=5107\">Nouveaux vaccins \u00e0 l&rsquo;automne<\/a><\/h3>\n<div class=\"entry-meta\">Mis \u00e0 jour le jeudi 28 septembre 2023<\/div>\n<\/header>\n<div class=\"entry-summary\">\n<p>*Le 23 ao\u00fbt, suite \u00e0 une recommandation du Comit\u00e9 d&rsquo;immunisation du Qu\u00e9bec (CIQ), le MSSS annonce qu&rsquo;une dose suppl\u00e9mentaire de vaccin contre la COVID-19 sera recommand\u00e9e cet automne aux personnes&#8230;<\/p>\n<p class=\"link-more\"><a href=\"https:\/\/dephy-mtl.org\/survey\/article-covid\/?entry_id=5107\" class=\"more-link\">Continuer la lecture <span class=\"screen-reader-text\"> de Nouveaux vaccins \u00e0 l&rsquo;automne<\/span><\/a><\/p>\n<\/p><\/div>\n<\/article>\n<article id=\"entry-5111\" class=\"post type-post status-publish format-standard hentry\" >\n<header class=\"entry-header\">\n<h3 class=\"entry-title\"><a href=\"https:\/\/dephy-mtl.org\/survey\/article-covid\/?entry_id=5111\">Situation \u00e9pid\u00e9miologique et immunit\u00e9 &#8211; Automne 2023<\/a><\/h3>\n<div class=\"entry-meta\">Mis \u00e0 jour le vendredi 22 septembre 2023<\/div>\n<\/header>\n<div class=\"entry-summary\">\n<p>Alors qu\u2019une nouvelle recrudescence des infections se pointe \u00e0 l&rsquo;horizon, l&rsquo;article \u00ab\u00a0Vers une autre vague de COVID-19? 8 questions pour comprendre\u00a0\u00bb pr\u00e9sente l\u2019\u00e9tat de la situation, en voici quelques&#8230;<\/p>\n<p class=\"link-more\"><a href=\"https:\/\/dephy-mtl.org\/survey\/article-covid\/?entry_id=5111\" class=\"more-link\">Continuer la lecture <span class=\"screen-reader-text\"> de Situation \u00e9pid\u00e9miologique et immunit\u00e9 &#8211; Automne 2023<\/span><\/a><\/p>\n<\/p><\/div>\n<\/article>\n<article id=\"entry-5110\" class=\"post type-post status-publish format-standard hentry\" >\n<header class=\"entry-header\">\n<h3 class=\"entry-title\"><a href=\"https:\/\/dephy-mtl.org\/survey\/article-covid\/?entry_id=5110\">Gamme de services \u00e9largie en centres de vaccination<\/a><\/h3>\n<div class=\"entry-meta\">Mis \u00e0 jour le vendredi 22 septembre 2023<\/div>\n<\/header>\n<div class=\"entry-summary\">\n<p>Il existe actuellement 160 centres de vaccination dispers\u00e9s \u00e0 travers le Qu\u00e9bec. En vertu de l&rsquo;annonce faite vendredi matin, certains d&rsquo;entre eux seront regroup\u00e9s pour former des \u00ab\u00a0points de services&#8230;<\/p>\n<p class=\"link-more\"><a href=\"https:\/\/dephy-mtl.org\/survey\/article-covid\/?entry_id=5110\" class=\"more-link\">Continuer la lecture <span class=\"screen-reader-text\"> de Gamme de services \u00e9largie en centres de vaccination<\/span><\/a><\/p>\n<\/p><\/div>\n<\/article>\n<article id=\"entry-5109\" class=\"post type-post status-publish format-standard hentry\" >\n<header class=\"entry-header\">\n<h3 class=\"entry-title\"><a href=\"https:\/\/dephy-mtl.org\/survey\/article-covid\/?entry_id=5109\">Acc\u00e8s aux tests rapides<\/a><\/h3>\n<div class=\"entry-meta\">Mis \u00e0 jour le mardi 12 septembre 2023<\/div>\n<\/header>\n<div class=\"entry-summary\">\n<p>Disponibles gratuitement dans les centres de vaccination et de d\u00e9pistage pour la population g\u00e9n\u00e9rale.<br \/>\n \tDisponibles en pharmacie pour les client\u00e8les vuln\u00e9rables.<br \/>\n \tDisponibles dans les&#8230;<\/p>\n<p class=\"link-more\"><a href=\"https:\/\/dephy-mtl.org\/survey\/article-covid\/?entry_id=5109\" class=\"more-link\">Continuer la lecture <span class=\"screen-reader-text\"> de Acc\u00e8s aux tests rapides<\/span><\/a><\/p>\n<\/p><\/div>\n<\/article>\n<article id=\"entry-5108\" class=\"post type-post status-publish format-standard hentry\" >\n<header class=\"entry-header\">\n<h3 class=\"entry-title\"><a href=\"https:\/\/dephy-mtl.org\/survey\/article-covid\/?entry_id=5108\">Pour une enqu\u00eate ind\u00e9pendante<\/a><\/h3>\n<div class=\"entry-meta\">Mis \u00e0 jour le mardi 25 juillet 2023<\/div>\n<\/header>\n<div class=\"entry-summary\">\n<p>Malgr\u00e9 les 53 000 d\u00e9c\u00e8s caus\u00e9s par la COVID-19, le Canada n&rsquo;a pas l&rsquo;intention de mener une enqu\u00eate ind\u00e9pendante et publique sur la r\u00e9ponse pand\u00e9mique. Il s&rsquo;agit d&rsquo;une \u00e9norme erreur, estiment des&#8230;<\/p>\n<p class=\"link-more\"><a href=\"https:\/\/dephy-mtl.org\/survey\/article-covid\/?entry_id=5108\" class=\"more-link\">Continuer la lecture <span class=\"screen-reader-text\"> de Pour une enqu\u00eate ind\u00e9pendante<\/span><\/a><\/p>\n<\/p><\/div>\n<\/article>\n<article id=\"entry-4735\" class=\"post type-post status-publish format-standard hentry\" >\n<header class=\"entry-header\">\n<h3 class=\"entry-title\"><a href=\"https:\/\/dephy-mtl.org\/survey\/article-covid\/?entry_id=4735\">Port du masque dans les milieux de soins : All\u00e8gement des consignes<\/a><\/h3>\n<div class=\"entry-meta\">Mis \u00e0 jour le mercredi 19 juillet 2023<\/div>\n<\/header>\n<div class=\"entry-summary\">\n<p>Lev\u00e9e des mesures le 19 juillet : Dor\u00e9navant, les \u00e9tablissements pourront d\u00e9terminer les situations qui requi\u00e8rent le port du masque, en s&rsquo;appuyant sur les recommandations de l&rsquo;INSPQ, ou en cas&#8230;<\/p>\n<p class=\"link-more\"><a href=\"https:\/\/dephy-mtl.org\/survey\/article-covid\/?entry_id=4735\" class=\"more-link\">Continuer la lecture <span class=\"screen-reader-text\"> de Port du masque dans les milieux de soins : All\u00e8gement des consignes<\/span><\/a><\/p>\n<\/p><\/div>\n<\/article>\n<article id=\"entry-4764\" class=\"post type-post status-publish format-standard hentry\" >\n<header class=\"entry-header\">\n<h3 class=\"entry-title\"><a href=\"https:\/\/dephy-mtl.org\/survey\/article-covid\/?entry_id=4764\">Directive : Gestion des cas et cas contacts dans le RSSS &#8211; avril 2023<\/a><\/h3>\n<div class=\"entry-meta\">Mis \u00e0 jour le mercredi 19 juillet 2023<\/div>\n<\/header>\n<div class=\"entry-summary\">\n<p>Les mesures \u00e0 implanter concernent les milieux suivants :<\/p>\n<p> \tMilieux de soins de longue dur\u00e9e comprenant\u00a0:<\/p>\n<p> \tCentres d&rsquo;h\u00e9bergement et de soins de longue dur\u00e9e\u00a0(CHSLD) incluant les maisons des&#8230;<\/p>\n<p class=\"link-more\"><a href=\"https:\/\/dephy-mtl.org\/survey\/article-covid\/?entry_id=4764\" class=\"more-link\">Continuer la lecture <span class=\"screen-reader-text\"> de Directive : Gestion des cas et cas contacts dans le RSSS &#8211; avril 2023<\/span><\/a><\/p>\n<\/p><\/div>\n<\/article>\n<article id=\"entry-4987\" class=\"post type-post status-publish format-standard hentry\" >\n<header class=\"entry-header\">\n<h3 class=\"entry-title\"><a href=\"https:\/\/dephy-mtl.org\/survey\/article-covid\/?entry_id=4987\">Fin symbolique de la pand\u00e9mie &#8211; OMS<\/a><\/h3>\n<div class=\"entry-meta\">Mis \u00e0 jour le mardi 23 mai 2023<\/div>\n<\/header>\n<div class=\"entry-summary\">\n<p>Le directeur g\u00e9n\u00e9ral de l&rsquo;OMS a annonc\u00e9 aujourd&rsquo;hui que la pand\u00e9mie de COVID-19 est d\u00e9sormais un enjeu de sant\u00e9 \u00e9tabli et permanent qui ne constitue plus une urgence de sant\u00e9 publique de port\u00e9e&#8230;<\/p>\n<p class=\"link-more\"><a href=\"https:\/\/dephy-mtl.org\/survey\/article-covid\/?entry_id=4987\" class=\"more-link\">Continuer la lecture <span class=\"screen-reader-text\"> de Fin symbolique de la pand\u00e9mie &#8211; OMS<\/span><\/a><\/p>\n<\/p><\/div>\n<\/article>\n<article id=\"entry-4734\" class=\"post type-post status-publish format-standard hentry\" >\n<header class=\"entry-header\">\n<h3 class=\"entry-title\"><a href=\"https:\/\/dephy-mtl.org\/survey\/article-covid\/?entry_id=4734\">Prolongation de la distribution de tests rapides<\/a><\/h3>\n<div class=\"entry-meta\">Mis \u00e0 jour le lundi 27 mars 2023<\/div>\n<\/header>\n<div class=\"entry-summary\">\n<p>Le Programme de distribution de tests rapides de d\u00e9pistage de la COVID-19 sera prolong\u00e9 jusqu&rsquo;au 31 mars 2024.<\/p>\n<p>L&rsquo;acc\u00e8s gratuit aux autotests distribu\u00e9s en pharmacie sera r\u00e9serv\u00e9, d\u00e8s le 15 mai&#8230;<\/p>\n<p class=\"link-more\"><a href=\"https:\/\/dephy-mtl.org\/survey\/article-covid\/?entry_id=4734\" class=\"more-link\">Continuer la lecture <span class=\"screen-reader-text\"> de Prolongation de la distribution de tests rapides<\/span><\/a><\/p>\n<\/p><\/div>\n<\/article>\n<article id=\"entry-4653\" class=\"post type-post status-publish format-standard hentry\" >\n<header class=\"entry-header\">\n<h3 class=\"entry-title\"><a href=\"https:\/\/dephy-mtl.org\/survey\/article-covid\/?entry_id=4653\">Acc\u00e8s \u00e9largi au Paxlovid<\/a><\/h3>\n<div class=\"entry-meta\">Mis \u00e0 jour le vendredi 03 f\u00e9vrier 2023<\/div>\n<\/header>\n<div class=\"entry-summary\">\n<p>Qu\u00e9bec \u00e9largit l\u2019acc\u00e8s au traitement Paxlovid aux personnes pleinement vaccin\u00e9es contre la COVID-19, notamment \u00e0 celles \u00e2g\u00e9es de plus de 70 ans et aux membres de plusieurs cat\u00e9gories de patients jug\u00e9s&#8230;<\/p>\n<p class=\"link-more\"><a href=\"https:\/\/dephy-mtl.org\/survey\/article-covid\/?entry_id=4653\" class=\"more-link\">Continuer la lecture <span class=\"screen-reader-text\"> de Acc\u00e8s \u00e9largi au Paxlovid<\/span><\/a><\/p>\n<\/p><\/div>\n<\/article>\n<article id=\"entry-4695\" class=\"post type-post status-publish format-standard hentry\" >\n<header class=\"entry-header\">\n<h3 class=\"entry-title\"><a href=\"https:\/\/dephy-mtl.org\/survey\/article-covid\/?entry_id=4695\">Doses de rappel &#8211; Sch\u00e9ma vaccinal 2022-2023<\/a><\/h3>\n<div class=\"entry-meta\">Mis \u00e0 jour le jeudi 02 f\u00e9vrier 2023<\/div>\n<\/header>\n<div class=\"entry-summary\">\n<p>*Mise \u00e0 jour des recommandations du CIQ le 2 f\u00e9vrier*<\/p>\n<p>Recommandations du CIQ pour l\u2019hiver et le printemps 2023 :<\/p>\n<p>Le CIQ recommande une dose de rappel de vaccin contre la COVID-19 aux personnes \u00e0&#8230;<\/p>\n<p class=\"link-more\"><a href=\"https:\/\/dephy-mtl.org\/survey\/article-covid\/?entry_id=4695\" class=\"more-link\">Continuer la lecture <span class=\"screen-reader-text\"> de Doses de rappel &#8211; Sch\u00e9ma vaccinal 2022-2023<\/span><\/a><\/p>\n<\/p><\/div>\n<\/article>\n<article id=\"entry-4698\" class=\"post type-post status-publish format-standard hentry\" >\n<header class=\"entry-header\">\n<h3 class=\"entry-title\"><a href=\"https:\/\/dephy-mtl.org\/survey\/article-covid\/?entry_id=4698\">\u00c9tude : Vaccination &amp; Risque r\u00e9duit de contracter la COVID-19<\/a><\/h3>\n<div class=\"entry-meta\">Mis \u00e0 jour le jeudi 02 f\u00e9vrier 2023<\/div>\n<\/header>\n<div class=\"entry-summary\">\n<p>Une vaccination ad\u00e9quate contre la COVID-19 pourrait r\u00e9duire significativement le risque d\u2019\u00eatre infect\u00e9, et donc de transmettre la maladie, selon une nouvelle \u00e9tude am\u00e9ricaine.<\/p>\n<p>L\u2019\u00e9tude a suivi&#8230;<\/p>\n<p class=\"link-more\"><a href=\"https:\/\/dephy-mtl.org\/survey\/article-covid\/?entry_id=4698\" class=\"more-link\">Continuer la lecture <span class=\"screen-reader-text\"> de \u00c9tude : Vaccination &amp; Risque r\u00e9duit de contracter la COVID-19<\/span><\/a><\/p>\n<\/p><\/div>\n<\/article>\n<article id=\"entry-4697\" class=\"post type-post status-publish format-standard hentry\" >\n<header class=\"entry-header\">\n<h3 class=\"entry-title\"><a href=\"https:\/\/dephy-mtl.org\/survey\/article-covid\/?entry_id=4697\">Pand\u00e9mie : Maintien du niveau d&rsquo;alerte maximal par l&rsquo;OMS ; Fin de l&rsquo;urgence sanitaire aux \u00c9tats-Unis en mai<\/a><\/h3>\n<div class=\"entry-meta\">Mis \u00e0 jour le jeudi 02 f\u00e9vrier 2023<\/div>\n<\/header>\n<div class=\"entry-summary\">\n<p>La pand\u00e9mie de COVID-19, qui entre dans sa quatri\u00e8me ann\u00e9e et qui a d\u00e9j\u00e0 fait des millions de morts, reste assez grave pour maintenir le niveau d&rsquo;alerte maximal lanc\u00e9 il y a trois ans jour pour&#8230;<\/p>\n<p class=\"link-more\"><a href=\"https:\/\/dephy-mtl.org\/survey\/article-covid\/?entry_id=4697\" class=\"more-link\">Continuer la lecture <span class=\"screen-reader-text\"> de Pand\u00e9mie : Maintien du niveau d&rsquo;alerte maximal par l&rsquo;OMS ; Fin de l&rsquo;urgence sanitaire aux \u00c9tats-Unis en mai<\/span><\/a><\/p>\n<\/p><\/div>\n<\/article>\n<article id=\"entry-4696\" class=\"post type-post status-publish format-standard hentry\" >\n<header class=\"entry-header\">\n<h3 class=\"entry-title\"><a href=\"https:\/\/dephy-mtl.org\/survey\/article-covid\/?entry_id=4696\">Vaccination simultan\u00e9e contre la COVID et la grippe : MIse en garde<\/a><\/h3>\n<div class=\"entry-meta\">Mis \u00e0 jour le vendredi 27 janvier 2023<\/div>\n<\/header>\n<div class=\"entry-summary\">\n<p>Le fait de recevoir la dose de rappel du vaccin bivalent de Pfizer contre la COVID-19 et le vaccin contre la grippe le m\u00eame jour pourrait augmenter le risque d&rsquo;accident vasculaire c\u00e9r\u00e9bral (AVC),&#8230;<\/p>\n<p class=\"link-more\"><a href=\"https:\/\/dephy-mtl.org\/survey\/article-covid\/?entry_id=4696\" class=\"more-link\">Continuer la lecture <span class=\"screen-reader-text\"> de Vaccination simultan\u00e9e contre la COVID et la grippe : MIse en garde<\/span><\/a><\/p>\n<\/p><\/div>\n<\/article>\n<article id=\"entry-4694\" class=\"post type-post status-publish format-standard hentry\" >\n<header class=\"entry-header\">\n<h3 class=\"entry-title\"><a href=\"https:\/\/dephy-mtl.org\/survey\/article-covid\/?entry_id=4694\">COVID longue : peu de sympt\u00f4mes en cas d\u2019affection b\u00e9nigne, selon une \u00e9tude<\/a><\/h3>\n<div class=\"entry-meta\">Mis \u00e0 jour le jeudi 12 janvier 2023<\/div>\n<\/header>\n<div class=\"entry-summary\">\n<p>La plupart des sympt\u00f4mes li\u00e9s \u00e0 une forme prolong\u00e9e, mais l\u00e9g\u00e8re de la COVID-19 tendent \u00e0 dispara\u00eetre durant l\u2019ann\u00e9e qui suit l\u2019infection des patients par le virus, montre une \u00e9tude scientifique&#8230;<\/p>\n<p class=\"link-more\"><a href=\"https:\/\/dephy-mtl.org\/survey\/article-covid\/?entry_id=4694\" class=\"more-link\">Continuer la lecture <span class=\"screen-reader-text\"> de COVID longue : peu de sympt\u00f4mes en cas d\u2019affection b\u00e9nigne, selon une \u00e9tude<\/span><\/a><\/p>\n<\/p><\/div>\n<\/article>\n<article id=\"entry-4693\" class=\"post type-post status-publish format-standard hentry\" >\n<header class=\"entry-header\">\n<h3 class=\"entry-title\"><a href=\"https:\/\/dephy-mtl.org\/survey\/article-covid\/?entry_id=4693\">Syndrome post-COVID-19 : \u00c9tat des connaissances<\/a><\/h3>\n<div class=\"entry-meta\">Mis \u00e0 jour le vendredi 16 d\u00e9cembre 2022<\/div>\n<\/header>\n<div class=\"entry-summary\">\n<p>Le syndrome post-COVID-19 (SPC), aussi appel\u00e9 \u00ab\u2009COVID-19 de longue dur\u00e9e\u2009\u00bb, se dit des sympt\u00f4mes\u00a0observ\u00e9s plus de trois mois apr\u00e8s le d\u00e9but de l&rsquo;infection. Bien que les connaissances scientifiques au&#8230;<\/p>\n<p class=\"link-more\"><a href=\"https:\/\/dephy-mtl.org\/survey\/article-covid\/?entry_id=4693\" class=\"more-link\">Continuer la lecture <span class=\"screen-reader-text\"> de Syndrome post-COVID-19 : \u00c9tat des connaissances<\/span><\/a><\/p>\n<\/p><\/div>\n<\/article>\n<article id=\"entry-4689\" class=\"post type-post status-publish format-standard hentry\" >\n<header class=\"entry-header\">\n<h3 class=\"entry-title\"><a href=\"https:\/\/dephy-mtl.org\/survey\/article-covid\/?entry_id=4689\">Le masque \u00e0 nouveau recommand\u00e9 par des experts<\/a><\/h3>\n<div class=\"entry-meta\">Mis \u00e0 jour le jeudi 17 novembre 2022<\/div>\n<\/header>\n<div class=\"entry-summary\">\n<p>En raison d&rsquo;une flamb\u00e9e d&rsquo;infections respiratoires chez les enfants, le Coll\u00e8ge des m\u00e9decins du Qu\u00e9bec a recommand\u00e9 \u00e0 nouveau \u00e0 la population de porter le masque dans les lieux publics.<\/p>\n<p>Tout en&#8230;<\/p>\n<p class=\"link-more\"><a href=\"https:\/\/dephy-mtl.org\/survey\/article-covid\/?entry_id=4689\" class=\"more-link\">Continuer la lecture <span class=\"screen-reader-text\"> de Le masque \u00e0 nouveau recommand\u00e9 par des experts<\/span><\/a><\/p>\n<\/p><\/div>\n<\/article>\n<article id=\"entry-4692\" class=\"post type-post status-publish format-standard hentry\" >\n<header class=\"entry-header\">\n<h3 class=\"entry-title\"><a href=\"https:\/\/dephy-mtl.org\/survey\/article-covid\/?entry_id=4692\">Gestion de la pand\u00e9mie \u00e0 Montr\u00e9al &#8211; Bilan de la DRSP<\/a><\/h3>\n<div class=\"entry-meta\">Mis \u00e0 jour le jeudi 17 novembre 2022<\/div>\n<\/header>\n<div class=\"entry-summary\">\n<p>La directrice de la Sant\u00e9 publique de la r\u00e9gion de Montr\u00e9al, Dre Myl\u00e8ne Drouin, a publi\u00e9 un rapport sur les le\u00e7ons \u00e0 tirer de la gestion de la pand\u00e9mie : Regard sur la pand\u00e9mie de COVID-19 \u00e0 Montr\u00e9al:&#8230;<\/p>\n<p class=\"link-more\"><a href=\"https:\/\/dephy-mtl.org\/survey\/article-covid\/?entry_id=4692\" class=\"more-link\">Continuer la lecture <span class=\"screen-reader-text\"> de Gestion de la pand\u00e9mie \u00e0 Montr\u00e9al &#8211; Bilan de la DRSP<\/span><\/a><\/p>\n<\/p><\/div>\n<\/article>\n<article id=\"entry-4688\" class=\"post type-post status-publish format-standard hentry\" >\n<header class=\"entry-header\">\n<h3 class=\"entry-title\"><a href=\"https:\/\/dephy-mtl.org\/survey\/article-covid\/?entry_id=4688\">Les infections r\u00e9p\u00e9t\u00e9es \u00e0 la COVID-19 multiplient le risque de probl\u00e8mes de sant\u00e9<\/a><\/h3>\n<div class=\"entry-meta\">Mis \u00e0 jour le lundi 14 novembre 2022<\/div>\n<\/header>\n<div class=\"entry-summary\">\n<p>Les infections \u00e0 r\u00e9p\u00e9tition ont augment\u00e9 alors que le virus a mut\u00e9, mais les effets \u00e0 long terme de ces r\u00e9infections sur la sant\u00e9 restaient flous jusqu\u2019alors.<\/p>\n<p>Une nouvelle \u00e9tude publi\u00e9e jeudi dans&#8230;<\/p>\n<p class=\"link-more\"><a href=\"https:\/\/dephy-mtl.org\/survey\/article-covid\/?entry_id=4688\" class=\"more-link\">Continuer la lecture <span class=\"screen-reader-text\"> de Les infections r\u00e9p\u00e9t\u00e9es \u00e0 la COVID-19 multiplient le risque de probl\u00e8mes de sant\u00e9<\/span><\/a><\/p>\n<\/p><\/div>\n<\/article>\n<\/div><br \/>\n<br \/>\n<\/p>\n","protected":false},"excerpt":{"rendered":"","protected":false},"author":2,"featured_media":0,"parent":0,"menu_order":100,"comment_status":"closed","ping_status":"closed","template":"covid19-archives.php","meta":{"_acf_changed":false,"footnotes":""},"class_list":["post-225","page","type-page","status-publish","hentry"],"acf":[],"_links":{"self":[{"href":"https:\/\/dephy-mtl.org\/survey\/wp-json\/wp\/v2\/pages\/225","targetHints":{"allow":["GET"]}}],"collection":[{"href":"https:\/\/dephy-mtl.org\/survey\/wp-json\/wp\/v2\/pages"}],"about":[{"href":"https:\/\/dephy-mtl.org\/survey\/wp-json\/wp\/v2\/types\/page"}],"author":[{"embeddable":true,"href":"https:\/\/dephy-mtl.org\/survey\/wp-json\/wp\/v2\/users\/2"}],"replies":[{"embeddable":true,"href":"https:\/\/dephy-mtl.org\/survey\/wp-json\/wp\/v2\/comments?post=225"}],"version-history":[{"count":3,"href":"https:\/\/dephy-mtl.org\/survey\/wp-json\/wp\/v2\/pages\/225\/revisions"}],"predecessor-version":[{"id":8035,"href":"https:\/\/dephy-mtl.org\/survey\/wp-json\/wp\/v2\/pages\/225\/revisions\/8035"}],"wp:attachment":[{"href":"https:\/\/dephy-mtl.org\/survey\/wp-json\/wp\/v2\/media?parent=225"}],"curies":[{"name":"wp","href":"https:\/\/api.w.org\/{rel}","templated":true}]}}