{"id":2740,"date":"2020-05-25T09:01:22","date_gmt":"2020-05-25T14:01:22","guid":{"rendered":"https:\/\/dephy-mtl.org\/survey\/?page_id=2740"},"modified":"2025-10-15T22:36:17","modified_gmt":"2025-10-16T02:36:17","slug":"inscription-assemblee-generale-annuelle","status":"publish","type":"page","link":"https:\/\/dephy-mtl.org\/survey\/accueil\/inscriptions-aux-activites-et-evenements\/inscription-assemblee-generale-annuelle\/","title":{"rendered":"Inscription \u00e0 l&rsquo;assembl\u00e9e g\u00e9n\u00e9rale annuelle du 17 juin 2025"},"content":{"rendered":"<p>Notre prochaine assembl\u00e9e g\u00e9n\u00e9rale annuelle aura lieu le mardi 17 juin 2025.<\/p>\n<p><strong>Programme\u00a0:<\/strong><\/p>\n<ul>\n<li><strong>\ud83d\udd5c 13h15 &#8211; 14h45<\/strong> (pr\u00e9sentiel uniquement)\u00a0: Activit\u00e9 sp\u00e9ciale 40<sup>e<\/sup> \u2013 R\u00e9flexion action collective<\/li>\n<li><strong>\ud83d\udd52 15h00 &#8211; 16h30<\/strong> (hybride)\u00a0: Assembl\u00e9e g\u00e9n\u00e9rale annuelle (AGA).<\/li>\n<\/ul>\n<h2>Besoins particuliers \ud83e\uddcf<\/h2>\n<p><strong>Le service d\u2019interpr\u00e9tation LSQ sera offert en ligne pour l&rsquo;AGA uniquement (15h-16h30).<\/strong><\/p>\n<h2>Renouvellement et paiement de votre adh\u00e9sion 2024-2025 <\/h2>\n<p>Pour renouveler votre adh\u00e9sion et payer votre cotisation annuelle, connectez-vous sur la page <a href=\"https:\/\/dephy-mtl.org\/?p=1286\" >Mon profil sur notre site Web<\/a>. <br \/>\nSeuls les membres votants qui auront renouvel\u00e9 leur adh\u00e9sion pourront exercer leur droit de vote \u00e0 l\u2019assembl\u00e9e.<\/p>\n<p>&nbsp;<\/p>\n<link rel='stylesheet' id='formidable-css' href='https:\/\/dephy-mtl.org\/survey\/wp-content\/plugins\/formidable\/css\/formidableforms.css?ver=3231906' media='all' \/>\n<div class=\"frm_forms  with_frm_style frm_style_survey-style-in-frm\" id=\"frm_form_19_container\" >\n<form enctype=\"multipart\/form-data\" method=\"post\" class=\"frm-show-form  frm_pro_form \" id=\"form_aga-2025\" >\n<div class=\"frm_form_fields \">\n<fieldset>\n<h2>Formulaire d'inscription \u00e0 l'AGA<\/h2>\r\n<p><strong>1 formulaire par personne.<\/strong><\/p>\r\n<p>L'ast\u00e9risque (*) indique un champ obligatoire.<\/p><div class=\"frm_fields_container\">\n<input type=\"hidden\" name=\"frm_action\" value=\"create\" \/>\n<input type=\"hidden\" name=\"form_id\" value=\"19\" \/>\n<input type=\"hidden\" name=\"frm_hide_fields_19\" id=\"frm_hide_fields_19\" value=\"\" \/>\n<input type=\"hidden\" name=\"form_key\" value=\"aga-2025\" \/>\n<input type=\"hidden\" name=\"item_meta[0]\" value=\"\" \/>\n<input type=\"hidden\" id=\"frm_submit_entry_19\" name=\"frm_submit_entry_19\" value=\"906c2f534a\" \/><input type=\"hidden\" name=\"_wp_http_referer\" value=\"\/survey\/wp-json\/wp\/v2\/pages\/2740\" \/><div id=\"frm_field_285_container\" class=\"frm_form_field form-field  frm_required_field frm_top_container frm_other_container\">\r\n    <label for=\"field_member_name_04052020\" id=\"field_member_name_04052020_label\" class=\"frm_primary_label\">Nom de votre organisme\r\n        <span class=\"frm_required\">*<\/span>\r\n    \r\n    \r\n    <\/label>\r\n    \t\t<select name=\"item_meta[285]\" id=\"field_member_name_04052020\"  data-placeholder=\"S\u00e9lectionnez le nom de votre organisme\"  placeholder=\"S\u00e9lectionnez le nom de votre organisme\" data-reqmsg=\"Vous devez s\u00e9lectionner une valeur.\" aria-required=\"true\" data-invmsg=\"Nom de votre organisme est non valide\" class=\"auto_width\" aria-invalid=\"false\"  >\n\t\t<option  class=\"frm-select-placeholder\" value=\"\" data-placeholder=\"true\">S\u00e9lectionnez le nom de votre organisme<\/option><option  value=\"AIM CROIT\">AIM CROIT<\/option><option  value=\"Amalgame Montr\u00e9al Inc.\">Amalgame Montr\u00e9al Inc.<\/option><option  value=\"Association d&#039;aide et de loisirs pour personnes \u00e0 autonomie r\u00e9duite (ALPAR)\">Association d&#039;aide et de loisirs pour personnes \u00e0 autonomie r\u00e9duite (ALPAR)<\/option><option  value=\"Association d&#039;entraide des personnes handicap\u00e9es physiques de Montr\u00e9al (ALPHA)\">Association d&#039;entraide des personnes handicap\u00e9es physiques de Montr\u00e9al (ALPHA)<\/option><option  value=\"Association du Qu\u00e9bec pour Enfants avec Probl\u00e8mes Auditifs Montr\u00e9al R\u00e9gional\">Association du Qu\u00e9bec pour Enfants avec Probl\u00e8mes Auditifs Montr\u00e9al R\u00e9gional<\/option><option  value=\"Association du syndrome de Usher du Qu\u00e9bec\">Association du syndrome de Usher du Qu\u00e9bec<\/option><option  value=\"Association Dysphasie+\">Association Dysphasie+<\/option><option  value=\"Association multiethnique pour l\u2019int\u00e9gration des personnes handicap\u00e9es\">Association multiethnique pour l\u2019int\u00e9gration des personnes handicap\u00e9es<\/option><option  value=\"Association Polio Qu\u00e9bec\">Association Polio Qu\u00e9bec<\/option><option  value=\"Association qu\u00e9b\u00e9coise des personnes aphasiques (AQPA)\">Association qu\u00e9b\u00e9coise des personnes aphasiques (AQPA)<\/option><option  value=\"Association qu\u00e9b\u00e9coise des personnes de petite taille (AQPPT)\">Association qu\u00e9b\u00e9coise des personnes de petite taille (AQPPT)<\/option><option  value=\"Association qu\u00e9b\u00e9coise des traumatis\u00e9s cr\u00e2niens (AQTC)\">Association qu\u00e9b\u00e9coise des traumatis\u00e9s cr\u00e2niens (AQTC)<\/option><option  value=\"C.A.R.E., Centre d&#039;activit\u00e9s r\u00e9cr\u00e9atives et \u00e9ducatives\">C.A.R.E., Centre d&#039;activit\u00e9s r\u00e9cr\u00e9atives et \u00e9ducatives<\/option><option  value=\"Camp Massawippi - Centre Mackay\">Camp Massawippi - Centre Mackay<\/option><option  value=\"Centre Action\">Centre Action<\/option><option  value=\"Centre Alpha-Sourd\">Centre Alpha-Sourd<\/option><option  value=\"Centre communautaire Radisson Inc. (CCR)\">Centre communautaire Radisson Inc. (CCR)<\/option><option  value=\"Centre de la communaut\u00e9 sourde du Montr\u00e9al M\u00e9tropolitain (CCSMM)\">Centre de la communaut\u00e9 sourde du Montr\u00e9al M\u00e9tropolitain (CCSMM)<\/option><option  value=\"Centre d&#039;int\u00e9gration \u00e0 la vie avtive pour les personnes vivant avec un handicap physique (CIVA)\">Centre d&#039;int\u00e9gration \u00e0 la vie avtive pour les personnes vivant avec un handicap physique (CIVA)<\/option><option  value=\"Centre Philou\">Centre Philou<\/option><option  value=\"Club des personnes handicap\u00e9es du Lac St-Louis\">Club des personnes handicap\u00e9es du Lac St-Louis<\/option><option  value=\"\u00c9quiTo\u00eet\">\u00c9quiTo\u00eet<\/option><option  value=\"Espace Bellechasse\">Espace Bellechasse<\/option><option  value=\"Espace Multisoleil\">Espace Multisoleil<\/option><option  value=\"Fondation Papillon\">Fondation Papillon<\/option><option  value=\"Fondation sommeil\">Fondation sommeil<\/option><option  value=\"Groupe d\u2019entraide de la scl\u00e9rose en plaques Banlieue Ouest\">Groupe d\u2019entraide de la scl\u00e9rose en plaques Banlieue Ouest<\/option><option  value=\"Habitations Pignon Sur Roues\">Habitations Pignon Sur Roues<\/option><option  value=\"Hear Entendre Qu\u00e9bec\">Hear Entendre Qu\u00e9bec<\/option><option  value=\"J&#039;me fais une place en garderie\">J&#039;me fais une place en garderie<\/option><option  value=\"La Bourgade Inc.\">La Bourgade Inc.<\/option><option  value=\"La Maison des Femmes Sourdes de Montr\u00e9al (MFSM)\">La Maison des Femmes Sourdes de Montr\u00e9al (MFSM)<\/option><option  value=\"La Maison des hommes sourds (MHM)\">La Maison des hommes sourds (MHM)<\/option><option  value=\"L&#039;Association de spina-bifida et d&#039;hydroc\u00e9phalie du Qu\u00e9bec (ASBHQ)\">L&#039;Association de spina-bifida et d&#039;hydroc\u00e9phalie du Qu\u00e9bec (ASBHQ)<\/option><option  value=\"Le Bon Pilote INC\">Le Bon Pilote INC<\/option><option  value=\"Le Centre Viomax\">Le Centre Viomax<\/option><option  value=\"Le Groupe L\u2019Entre-Gens\">Le Groupe L\u2019Entre-Gens<\/option><option  value=\"L&#039;\u00c9toile de Pacho - R\u00e9seau d&#039;entraide pour parents d&#039;enfants handicap\u00e9s\">L&#039;\u00c9toile de Pacho - R\u00e9seau d&#039;entraide pour parents d&#039;enfants handicap\u00e9s<\/option><option  value=\"Main-Forte Montr\u00e9al Inc.\">Main-Forte Montr\u00e9al Inc.<\/option><option  value=\"Maison des Sourds\">Maison des Sourds<\/option><option  value=\"Monde sans limites\">Monde sans limites<\/option><option  value=\"Parrainage Civique de la Banlieue Ouest\">Parrainage Civique de la Banlieue Ouest<\/option><option  value=\"Promotion intervention en milieu ouvert (PIMO)\">Promotion intervention en milieu ouvert (PIMO)<\/option><option  value=\"Regroupement de services int\u00e9gr\u00e9s Propulsion (RSIP)\">Regroupement de services int\u00e9gr\u00e9s Propulsion (RSIP)<\/option><option  value=\"Regroupement des activistes pour l&#039;inclusion au Qu\u00e9bec (RAPLIQ)\">Regroupement des activistes pour l&#039;inclusion au Qu\u00e9bec (RAPLIQ)<\/option><option  value=\"Regroupement des aveugles et amblyopes du Montr\u00e9al m\u00e9tropolitain (RAAMM)\">Regroupement des aveugles et amblyopes du Montr\u00e9al m\u00e9tropolitain (RAAMM)<\/option><option  value=\"R\u00e9seau qu\u00e9b\u00e9cois pour l&#039;inclusion sociale des personnes sourdes et malentendantes (ReQIS)\">R\u00e9seau qu\u00e9b\u00e9cois pour l&#039;inclusion sociale des personnes sourdes et malentendantes (ReQIS)<\/option><option  value=\"R\u00eave \u00e0 nous\">R\u00eave \u00e0 nous<\/option><option  value=\"Soci\u00e9t\u00e9 canadienne de la scl\u00e9rose en plaques - Section Montr\u00e9al\">Soci\u00e9t\u00e9 canadienne de la scl\u00e9rose en plaques - Section Montr\u00e9al<\/option><option  value=\"Soci\u00e9t\u00e9 canadienne de la scl\u00e9rose en plaques - Section Est de Montr\u00e9al\">Soci\u00e9t\u00e9 canadienne de la scl\u00e9rose en plaques - Section Est de Montr\u00e9al<\/option><option  value=\"Soci\u00e9t\u00e9 de la scl\u00e9rose lat\u00e9rale amyotrophique du Qu\u00e9bec\">Soci\u00e9t\u00e9 de la scl\u00e9rose lat\u00e9rale amyotrophique du Qu\u00e9bec<\/option><option  value=\"Soci\u00e9t\u00e9 Huntington du Qu\u00e9bec\">Soci\u00e9t\u00e9 Huntington du Qu\u00e9bec<\/option><option  value=\"Soci\u00e9t\u00e9 Logique\">Soci\u00e9t\u00e9 Logique<\/option><option  value=\"Solidarit\u00e9 de parents de personnes handicap\u00e9es (SPPH)\">Solidarit\u00e9 de parents de personnes handicap\u00e9es (SPPH)<\/option><option  value=\"Th\u00e9\u00e2tre Aphasique\">Th\u00e9\u00e2tre Aphasique<\/option><option  value=\"Vie Autonome-Montr\u00e9al\">Vie Autonome-Montr\u00e9al<\/option><option  value=\"Autre\" class=\"frm_other_trigger\">Autre<\/option>\t<\/select>\n\t<label for=\"field_member_name_04052020-otext\" class=\"frm_screen_reader frm_hidden\">Nom de votre organisme<\/label><input type=\"text\" id=\"field_member_name_04052020-otext\" class=\"frm_other_input frm_pos_none\"  name=\"item_meta[other][285]\" value=\"\" \/>\r\n<\/div>\n<div id=\"frm_field_293_container\" class=\"frm_form_field form-field  frm_required_field frm_top_container\">\r\n    <label for=\"field_first_name8c44003335\" id=\"field_first_name8c44003335_label\" class=\"frm_primary_label\">Pr\u00e9nom\r\n        <span class=\"frm_required\">*<\/span>\r\n    \r\n    \r\n    <\/label>\r\n    <input  type=\"text\" id=\"field_first_name8c44003335\" name=\"item_meta[293]\" value=\"\"  data-reqmsg=\"Ce champ ne peut pas \u00eatre vide\" aria-required=\"true\" data-invmsg=\"Name est non valide\" aria-invalid=\"false\"   \/>\r\n<\/div>\n<div id=\"frm_field_294_container\" class=\"frm_form_field form-field  frm_required_field frm_top_container\">\r\n    <label for=\"field_last_namee588a318b4\" id=\"field_last_namee588a318b4_label\" class=\"frm_primary_label\">Nom\r\n        <span class=\"frm_required\">*<\/span>\r\n    \r\n    \r\n    <\/label>\r\n    <input  type=\"text\" id=\"field_last_namee588a318b4\" name=\"item_meta[294]\" value=\"\"  data-reqmsg=\"Ce champ ne peut pas \u00eatre vide\" aria-required=\"true\" data-invmsg=\"Last est non valide\" aria-invalid=\"false\"   \/>\r\n<\/div>\n<div id=\"frm_field_295_container\" class=\"frm_form_field form-field  frm_required_field frm_top_container\">\r\n    <label for=\"field_functiond74d2665ba\" id=\"field_functiond74d2665ba_label\" class=\"frm_primary_label\">Titre ou fonction\r\n        <span class=\"frm_required\">*<\/span>\r\n    \r\n    \r\n    <\/label>\r\n    <input  type=\"text\" id=\"field_functiond74d2665ba\" name=\"item_meta[295]\" value=\"\"  data-reqmsg=\"Ce champ ne peut pas \u00eatre vide\" aria-required=\"true\" data-invmsg=\"Subject est non valide\" aria-invalid=\"false\"   \/>\r\n<\/div>\n<div id=\"frm_field_296_container\" class=\"frm_form_field form-field  frm_top_container frm_first frm_half\">\r\n    <label for=\"field_phoneffa7f2ba93\" id=\"field_phoneffa7f2ba93_label\" class=\"frm_primary_label\">T\u00e9l\u00e9phone\r\n        <span class=\"frm_required\"><\/span>\r\n    \r\n    \r\n    <\/label>\r\n    <input  type=\"text\" id=\"field_phoneffa7f2ba93\" name=\"item_meta[296]\" value=\"\"  data-frmmask=\"000-000-0000\" maxlength=\"12\" data-invmsg=\"Format attendu: 514-123-1234\" aria-invalid=\"false\" pattern=\"\\d\\d\\d-\\d\\d\\d-\\d\\d\\d\\d$\"   \/>\r\n<\/div>\n<div id=\"frm_field_297_container\" class=\"frm_form_field form-field  frm_top_container frm_half\">\r\n    <label for=\"field_phone_ext3e9626f88d\" id=\"field_phone_ext3e9626f88d_label\" class=\"frm_primary_label\">Poste\r\n        <span class=\"frm_required\"><\/span>\r\n    \r\n    \r\n    <\/label>\r\n    <input  type=\"text\" id=\"field_phone_ext3e9626f88d\" name=\"item_meta[297]\" value=\"\"  maxlength=\"7\" data-invmsg=\"Ce champ n&#039;accepte que des chiffres.\" aria-invalid=\"false\"   \/>\r\n<\/div>\n<div id=\"frm_field_298_container\" class=\"frm_form_field form-field  frm_top_container\">\r\n    <label for=\"field_mobile841500de94\" id=\"field_mobile841500de94_label\" class=\"frm_primary_label\">Cellulaire\r\n        <span class=\"frm_required\"><\/span>\r\n    <div class=\"frm_description\" id=\"frm_desc_field_mobile841500de94\">Restera confidentiel.<\/div>\r\n    \r\n    <\/label>\r\n    <input  type=\"text\" id=\"field_mobile841500de94\" name=\"item_meta[298]\" value=\"\"  data-frmmask=\"000-000-0000\" maxlength=\"12\" data-invmsg=\"Format attendu: 514-255-4888\" aria-invalid=\"false\" pattern=\"\\d\\d\\d-\\d\\d\\d-\\d\\d\\d\\d$\"   aria-describedby=\"frm_desc_field_mobile841500de94\" \/>\r\n<\/div>\n<div id=\"frm_field_299_container\" class=\"frm_form_field form-field  frm_required_field frm_top_container frm_full\">\r\n    <label for=\"field_emailcd0701449d\" id=\"field_emailcd0701449d_label\" class=\"frm_primary_label\">Courriel\r\n        <span class=\"frm_required\">*<\/span>\r\n    \r\n    \r\n    <\/label>\r\n    <input type=\"email\" id=\"field_emailcd0701449d\" name=\"item_meta[299]\" value=\"\"  data-reqmsg=\"Ce champ ne peut pas \u00eatre vide\" aria-required=\"true\" data-invmsg=\"Ce courriel n&#039;est pas valide.\" aria-invalid=\"false\"  \/>\r\n<\/div>\n<div id=\"frm_field_conf_299_container\" class=\"frm_form_field frm_hidden_container frm_conf_field form-field  frm_required_field frm_top_container frm_full\">\r\n    <label for=\"field_conf_emailcd0701449d\" id=\"field_conf_emailcd0701449d_label\" class=\"frm_conf_label frm_primary_label\">Valider Courriel\r\n        <span class=\"frm_required\">*<\/span>\r\n    \r\n    \r\n    <\/label>\r\n    <input type=\"email\" id=\"field_conf_emailcd0701449d\" name=\"item_meta[conf_299]\" value=\"\"  placeholder=\"R\u00e9p\u00e9tez votre courriel.\" data-reqmsg=\"Ce champ ne peut pas \u00eatre vide\" aria-required=\"true\" data-confmsg=\"Les valeurs saisies ne correspondent pas\" data-invmsg=\"Ce courriel n&#039;est pas valide.\" aria-invalid=\"false\"  \/>\r\n<\/div>\n<div id=\"frm_field_323_container\" class=\"frm_form_field form-field  frm_required_field frm_top_container vertical_radio\">\r\n\t<div  id=\"field_1gmb4_label\" class=\"frm_primary_label\">Avez-vous besoin d'interpr\u00e9tation en langue des signes du Qu\u00e9bec (LSQ)?\r\n\t\t<span class=\"frm_required\" >*<\/span>\r\n\t<\/div>\r\n\t\r\n    <div class=\"frm_description\" id=\"frm_desc_field_1gmb4\"><strong>\u00c0 noter: <\/strong>Le service d'interpr\u00e9tation LSQ sera uniquement offert en ligne durant l'assembl\u00e9e g\u00e9n\u00e9rale (15h-16h30).<\/div>\r\n    <div class=\"frm_opt_container\" aria-labelledby=\"field_1gmb4_label\" role=\"radiogroup\" aria-required=\"true\">\t\t<div class=\"frm_radio\" id=\"frm_radio_323-0\">\t\t\t<label  for=\"field_1gmb4-0\">\n\t\t\t\t\t<input type=\"radio\" name=\"item_meta[323]\" id=\"field_1gmb4-0\" value=\"1\"\n\t\t data-frmval=\"0\" data-reqmsg=\"Vous devez cocher une option.\" data-invmsg=\"Avez-vous besoin d&#039;interpr\u00e9tation en langue des signes du Qu\u00e9bec (LSQ)? est non valide\"   \/> Oui<\/label><\/div>\n\t\t<div class=\"frm_radio\" id=\"frm_radio_323-1\">\t\t\t<label  for=\"field_1gmb4-1\">\n\t\t\t\t\t<input type=\"radio\" name=\"item_meta[323]\" id=\"field_1gmb4-1\" value=\"0\"\n\t\t data-frmval=\"0\" data-reqmsg=\"Vous devez cocher une option.\" data-invmsg=\"Avez-vous besoin d&#039;interpr\u00e9tation en langue des signes du Qu\u00e9bec (LSQ)? est non valide\"  checked=\"checked\" \/> Non<\/label><\/div>\n<\/div>\r\n\t<\/div>\n<div id=\"frm_field_1689_container\" class=\"frm_form_field form-field  frm_required_field frm_top_container vertical_radio\">\r\n    <div  id=\"field_cbpgm_label\" class=\"frm_primary_label\">Mode de participation\r\n        <span class=\"frm_required\">*<\/span>\r\n    <\/div>\r\n    <div class=\"frm_opt_container\" aria-labelledby=\"field_cbpgm_label\" role=\"radiogroup\" aria-required=\"true\">\t\t<div class=\"frm_radio\" id=\"frm_radio_1689-0\">\t\t\t<label  for=\"field_cbpgm-0\">\n\t\t\t\t\t<input type=\"radio\" name=\"item_meta[1689]\" id=\"field_cbpgm-0\" value=\"csp\"\n\t\t data-reqmsg=\"Vous devez cocher une option.\" data-invmsg=\"Mode de participation est non valide\"   \/> En pr\u00e9sence (activit\u00e9 et AGA)<\/label><\/div>\n\t\t<div class=\"frm_radio\" id=\"frm_radio_1689-1\">\t\t\t<label  for=\"field_cbpgm-1\">\n\t\t\t\t\t<input type=\"radio\" name=\"item_meta[1689]\" id=\"field_cbpgm-1\" value=\"zoom\"\n\t\t data-reqmsg=\"Vous devez cocher une option.\" data-invmsg=\"Mode de participation est non valide\"   \/> \u00c0 distance (AGA uniquement)<\/label><\/div>\n<\/div>\r\n<\/div>\n<div id=\"frm_field_321_container\" class=\"frm_form_field form-field  frm_top_container\">\r\n    <label for=\"field_comment3efa97d473\" id=\"field_comment3efa97d473_label\" class=\"frm_primary_label\">Commentaire\r\n        <span class=\"frm_required\"><\/span>\r\n    <\/label>\r\n    <textarea name=\"item_meta[321]\" id=\"field_comment3efa97d473\" rows=\"5\"  data-invmsg=\"Commentaire est non valide\" aria-invalid=\"false\"  ><\/textarea>\r\n    \r\n    \r\n<\/div>\n\t\t<input  type=\"hidden\" name=\"item_meta[767]\" id=\"field_gp23h-0\" value=\"\"     \/>\n\t\t\t\t<input  type=\"hidden\" name=\"item_meta[1588]\" id=\"field_ryb32\" value=\"2025-06-17\"  data-frmval=\"2025-06-17\"   \/>\n\t\t<div id=\"frm_field_1687_container\" class=\"frm_form_field form-field \">\r\n\t<div class=\"frm_submit\">\r\n\r\n<button class=\"frm_button_submit frm_final_submit\" type=\"submit\"   formnovalidate=\"formnovalidate\">S&#039;inscrire<\/button>\r\n\r\n<\/div>\r\n<\/div>\n<input type=\"hidden\" name=\"item_meta[1688]\" id=\"field_gm9js\" value=\"\" data-frmval=\"\"\/>\n\t<input type=\"hidden\" name=\"item_key\" value=\"\" \/>\n\t\t\t<div id=\"frm_field_1818_container\">\n\t\t\t<label for=\"field_v5ugz\" >\n\t\t\t\tSi vous \u00eates un humain, ne remplissez pas ce champ.\t\t\t<\/label>\n\t\t\t<input  id=\"field_v5ugz\" type=\"text\" class=\"frm_form_field form-field frm_verify\" name=\"item_meta[1818]\" value=\"\"  \/>\n\t\t<\/div>\n\t\t<input name=\"frm_state\" type=\"hidden\" value=\"3y\/O+1F14Hx125PPuyvHW3l1uHrcbbbpuJtd755QMGc2PAm4ZfylUx8bVTM\/usqA\" \/><\/div>\n<\/fieldset>\n<\/div>\n\n<\/form>\n<\/div>\n\n","protected":false},"excerpt":{"rendered":"<p>Notre prochaine assembl\u00e9e g\u00e9n\u00e9rale annuelle aura lieu le mardi 17 juin 2025. Programme\u00a0: \ud83d\udd5c 13h15 &#8211; 14h45 (pr\u00e9sentiel uniquement)\u00a0: Activit\u00e9 sp\u00e9ciale 40e \u2013 R\u00e9flexion action collective \ud83d\udd52 15h00 &#8211; 16h30 (hybride)\u00a0: Assembl\u00e9e g\u00e9n\u00e9rale annuelle (AGA). Besoins particuliers \ud83e\uddcf Le service d\u2019interpr\u00e9tation LSQ sera offert en ligne pour l&rsquo;AGA uniquement (15h-16h30). Renouvellement et paiement de votre &hellip; <\/p>\n<p class=\"link-more\"><a href=\"https:\/\/dephy-mtl.org\/survey\/accueil\/inscriptions-aux-activites-et-evenements\/inscription-assemblee-generale-annuelle\/\" class=\"more-link\">Continuer la lecture<span class=\"screen-reader-text\"> de &laquo;&nbsp;Inscription \u00e0 l&rsquo;assembl\u00e9e g\u00e9n\u00e9rale annuelle du 17 juin 2025&nbsp;&raquo;<\/span><\/a><\/p>\n","protected":false},"author":2,"featured_media":0,"parent":2738,"menu_order":2,"comment_status":"closed","ping_status":"closed","template":"","meta":{"_acf_changed":false,"footnotes":""},"class_list":["post-2740","page","type-page","status-publish","hentry"],"acf":[],"_links":{"self":[{"href":"https:\/\/dephy-mtl.org\/survey\/wp-json\/wp\/v2\/pages\/2740","targetHints":{"allow":["GET"]}}],"collection":[{"href":"https:\/\/dephy-mtl.org\/survey\/wp-json\/wp\/v2\/pages"}],"about":[{"href":"https:\/\/dephy-mtl.org\/survey\/wp-json\/wp\/v2\/types\/page"}],"author":[{"embeddable":true,"href":"https:\/\/dephy-mtl.org\/survey\/wp-json\/wp\/v2\/users\/2"}],"replies":[{"embeddable":true,"href":"https:\/\/dephy-mtl.org\/survey\/wp-json\/wp\/v2\/comments?post=2740"}],"version-history":[{"count":3,"href":"https:\/\/dephy-mtl.org\/survey\/wp-json\/wp\/v2\/pages\/2740\/revisions"}],"predecessor-version":[{"id":8089,"href":"https:\/\/dephy-mtl.org\/survey\/wp-json\/wp\/v2\/pages\/2740\/revisions\/8089"}],"up":[{"embeddable":true,"href":"https:\/\/dephy-mtl.org\/survey\/wp-json\/wp\/v2\/pages\/2738"}],"wp:attachment":[{"href":"https:\/\/dephy-mtl.org\/survey\/wp-json\/wp\/v2\/media?parent=2740"}],"curies":[{"name":"wp","href":"https:\/\/api.w.org\/{rel}","templated":true}]}}