{"id":7937,"date":"2023-05-01T16:07:09","date_gmt":"2023-05-01T20:07:09","guid":{"rendered":"https:\/\/dephy-mtl.org\/survey\/?page_id=7937"},"modified":"2025-10-27T22:23:35","modified_gmt":"2025-10-28T02:23:35","slug":"inscription-visiteurs-journee-clic-dephy-2025","status":"publish","type":"page","link":"https:\/\/dephy-mtl.org\/survey\/accueil\/inscriptions-aux-activites-et-evenements\/inscription-visiteurs-journee-clic-dephy-2025\/","title":{"rendered":"Inscription visiteurs \u2013 Journ\u00e9e Clic D\u00e9Phy"},"content":{"rendered":"<p><strong>Venez rencontrer les organismes communautaires en d\u00e9ficience physique\u00a0! <\/strong><\/p>\n<p><strong>Mardi 17 mars 2026<\/strong><\/p>\n<p>Liste des exposants et autres informations\u00a0: <a href=\"https:\/\/dephy-mtl.org\/?p=8136\" target=\"_blank\" rel=\"noopener\">Infos visiteurs<\/a><\/p>\n<p>Vous souhaitez faire la diff\u00e9rence et contribuer \u00e0 am\u00e9liorer la qualit\u00e9 de vie des adultes et des enfants ayant une d\u00e9ficience physique ou polyhandicap\u00e9s et de leur famille\u00a0?<\/p>\n<p>Inscrivez-vous d\u00e8s maintenant pour cet \u00e9v\u00e9nement incontournable!<\/p>\n<link rel='stylesheet' id='formidable-css' href='https:\/\/dephy-mtl.org\/survey\/wp-content\/plugins\/formidable\/css\/formidableforms.css?ver=3231906' media='all' \/>\n<div class=\"frm_forms  with_frm_style frm_style_style-formidable\" id=\"frm_form_70_container\" data-token=\"ff5682c7b64d7677a6ad5b3f81eec2e4\">\n<form enctype=\"multipart\/form-data\" method=\"post\" class=\"frm-show-form  frm_pro_form  frm_logic_form \" id=\"form_y9bgd\" data-token=\"ff5682c7b64d7677a6ad5b3f81eec2e4\">\n<div class=\"frm_form_fields \">\n<fieldset>\n<p>L'ast\u00e9risque (*) indique un champ obligatoire.<\/p><div class=\"frm_fields_container\">\n<input type=\"hidden\" name=\"frm_action\" value=\"create\" \/>\n<input type=\"hidden\" name=\"form_id\" value=\"70\" \/>\n<input type=\"hidden\" name=\"frm_hide_fields_70\" id=\"frm_hide_fields_70\" value=\"\" \/>\n<input type=\"hidden\" name=\"form_key\" value=\"y9bgd\" \/>\n<input type=\"hidden\" name=\"item_meta[0]\" value=\"\" \/>\n<input type=\"hidden\" id=\"frm_submit_entry_70\" name=\"frm_submit_entry_70\" value=\"3ce688da77\" \/><input type=\"hidden\" name=\"_wp_http_referer\" value=\"\/survey\/wp-json\/wp\/v2\/pages\/7937\" \/><div id=\"frm_field_1705_container\" class=\"frm_form_field  frm_html_container form-field\">\n<h2>Informations personnelles<\/h2>\n<\/div>\n<div id=\"frm_field_1706_container\" class=\"frm_form_field form-field  frm_required_field frm_top_container\">\r\n\t<label for=\"field_l2w46\" id=\"field_l2w46_label\" class=\"frm_primary_label\">Pr\u00e9nom\r\n\t\t<span class=\"frm_required\" aria-hidden=\"true\">*<\/span>\r\n\t<\/label>\r\n    \r\n    \r\n\t<input  type=\"text\" id=\"field_l2w46\" name=\"item_meta[1706]\" value=\"\"  data-reqmsg=\"Veuillez entrer une valeur.\" aria-required=\"true\" data-invmsg=\"Pr\u00e9nom est non valide\" aria-invalid=\"false\"   \/>\r\n\t\r\n\t\r\n<\/div>\n<div id=\"frm_field_1707_container\" class=\"frm_form_field form-field  frm_required_field frm_top_container\">\r\n\t<label for=\"field_oejci\" id=\"field_oejci_label\" class=\"frm_primary_label\">Nom de famille\r\n\t\t<span class=\"frm_required\" aria-hidden=\"true\">*<\/span>\r\n\t<\/label>\r\n    \r\n    \r\n\t<input  type=\"text\" id=\"field_oejci\" name=\"item_meta[1707]\" value=\"\"  data-reqmsg=\"Veuillez entrer une valeur.\" aria-required=\"true\" data-invmsg=\"Nom de famille est non valide\" aria-invalid=\"false\"   \/>\r\n\t\r\n\t\r\n<\/div>\n<div id=\"frm_field_1708_container\" class=\"frm_form_field form-field  frm_required_field frm_top_container\">\r\n\t<label for=\"field_6v8ib\" id=\"field_6v8ib_label\" class=\"frm_primary_label\">Courriel\r\n\t\t<span class=\"frm_required\" aria-hidden=\"true\">*<\/span>\r\n\t<\/label>\r\n    \r\n    \r\n\t<input type=\"email\" id=\"field_6v8ib\" name=\"item_meta[1708]\" value=\"\"  autocomplete=\"email\"  data-reqmsg=\"Veuillez entrer une valeur.\" aria-required=\"true\" data-invmsg=\"Courriel est non valide\" aria-invalid=\"false\"  \/>\r\n\t\r\n\t\r\n<\/div>\n<div id=\"frm_field_conf_1708_container\" class=\"frm_form_field frm_none_container frm_conf_field form-field  frm_required_field frm_top_container\">\r\n\t<label for=\"field_conf_6v8ib\" id=\"field_conf_6v8ib_label\" class=\"frm_conf_label frm_primary_label\">Valider Courriel\r\n\t\t<span class=\"frm_required\" aria-hidden=\"true\">*<\/span>\r\n\t<\/label>\r\n    \r\n    \r\n\t<input type=\"email\" id=\"field_conf_6v8ib\" name=\"item_meta[conf_1708]\" value=\"\"  autocomplete=\"email\"  placeholder=\"Confirmer le courriel\" data-reqmsg=\"Veuillez entrer une valeur.\" aria-required=\"true\" data-confmsg=\"Les valeurs saisies ne correspondent pas.\" data-invmsg=\"Valider Courriel est non valide\" aria-invalid=\"false\"  \/>\r\n\t\r\n\t\r\n<\/div>\n<div id=\"frm_field_1709_container\" class=\"frm_form_field form-field  frm_required_field frm_top_container\">\r\n\t<label for=\"field_y20ty\" id=\"field_y20ty_label\" class=\"frm_primary_label\">Titre d'emploi \/ Fonction\r\n\t\t<span class=\"frm_required\" aria-hidden=\"true\">*<\/span>\r\n\t<\/label>\r\n    \r\n    \r\n\t<input  type=\"text\" id=\"field_y20ty\" name=\"item_meta[1709]\" value=\"\"  data-reqmsg=\"Veuillez entrer une valeur.\" aria-required=\"true\" data-invmsg=\"Titre d&#039;emploi \/ Fonction est non valide\" aria-invalid=\"false\"   \/>\r\n\t\r\n\t\r\n<\/div>\n<div id=\"frm_field_1710_container\" class=\"frm_form_field  frm_html_container form-field\">\n<h2>Secteur d'activit\u00e9<\/h2>\n<\/div>\n<div id=\"frm_field_1711_container\" class=\"frm_form_field form-field  frm_required_field frm_top_container vertical_radio frm_other_container\">\r\n\t<div  id=\"field_68ljp_label\" class=\"frm_primary_label\">Secteur d'activit\u00e9\r\n\t\t<span class=\"frm_required\" aria-hidden=\"true\">*<\/span>\r\n\t<\/div>\r\n\t\r\n    \r\n    <div class=\"frm_opt_container\" aria-labelledby=\"field_68ljp_label\" role=\"radiogroup\" aria-required=\"true\">\t\t<div class=\"frm_radio\" id=\"frm_radio_1711-0\">\t\t\t<label  for=\"field_68ljp-0\">\n\t\t\t\t\t<input type=\"radio\" name=\"item_meta[1711]\" id=\"field_68ljp-0\" value=\"R\u00e9seau de la sant\u00e9 et des services sociaux\"\n\t\t data-reqmsg=\"Veuillez cocher une option.\" data-invmsg=\"Secteur d&#039;activit\u00e9 est non valide\"   \/> R\u00e9seau de la sant\u00e9 et des services sociaux<\/label><\/div>\n\t\t<div class=\"frm_radio\" id=\"frm_radio_1711-1\">\t\t\t<label  for=\"field_68ljp-1\">\n\t\t\t\t\t<input type=\"radio\" name=\"item_meta[1711]\" id=\"field_68ljp-1\" value=\"R\u00e9seau scolaire\"\n\t\t data-reqmsg=\"Veuillez cocher une option.\" data-invmsg=\"Secteur d&#039;activit\u00e9 est non valide\"   \/> R\u00e9seau scolaire<\/label><\/div>\n\t\t<div class=\"frm_radio\" id=\"frm_radio_1711-2\">\t\t\t<label  for=\"field_68ljp-2\">\n\t\t\t\t\t<input type=\"radio\" name=\"item_meta[1711]\" id=\"field_68ljp-2\" value=\"Administration municipale\"\n\t\t data-reqmsg=\"Veuillez cocher une option.\" data-invmsg=\"Secteur d&#039;activit\u00e9 est non valide\"   \/> Administration municipale<\/label><\/div>\n\t\t<div class=\"frm_radio\" id=\"frm_radio_1711-other_3\">\t\t\t<label  for=\"field_68ljp-other_3\">\n\t\t\t\t\t<input type=\"radio\" name=\"item_meta[1711]\" id=\"field_68ljp-other_3\" value=\"Autre\"\n\t\t data-reqmsg=\"Veuillez cocher une option.\" data-invmsg=\"Secteur d&#039;activit\u00e9 est non valide\"   \/> Autre<\/label><label for=\"field_68ljp-other_3-otext\" class=\"frm_screen_reader frm_hidden\">Autre<\/label><input type=\"text\" id=\"field_68ljp-other_3-otext\" class=\"frm_other_input frm_pos_none\"  name=\"item_meta[other][1711]\" value=\"\" \/><\/div>\n<\/div>\r\n\t\r\n\t\r\n<\/div>\n<div id=\"frm_field_1714_container\" class=\"frm_form_field form-field  frm_required_field frm_top_container frm_other_container\">\r\n\t<label for=\"field_yja69\" id=\"field_yja69_label\" class=\"frm_primary_label\">\u00c9tablissement\r\n\t\t<span class=\"frm_required\" aria-hidden=\"true\">*<\/span>\r\n\t<\/label>\r\n    \r\n    \r\n\t\t\t<select name=\"item_meta[1714]\" id=\"field_yja69\"  data-placeholder=\"S\u00e9lectionner un \u00e9tablissement\"  placeholder=\"S\u00e9lectionner un \u00e9tablissement\" data-reqmsg=\"Veuillez s\u00e9lectionner une option.\" aria-required=\"true\" data-invmsg=\"\u00c9tablissement est non valide\" class=\"auto_width\" aria-invalid=\"false\"  >\n\t\t<option  class=\"frm-select-placeholder\" value=\"\" data-placeholder=\"true\">S\u00e9lectionner un \u00e9tablissement<\/option><option  value=\"CHU Sainte-Justine \u2013 Centre de r\u00e9adaptation Marie Enfant\">CHU Sainte-Justine \u2013 Centre de r\u00e9adaptation Marie Enfant<\/option><option  value=\"CIUSSS de l&#039;Est-de-l&#039;\u00cele-de-Montr\u00e9al\">CIUSSS de l&#039;Est-de-l&#039;\u00cele-de-Montr\u00e9al<\/option><option  value=\"CIUSSS de l&#039;Ouest-de-l&#039;\u00cele-de-Montr\u00e9al\">CIUSSS de l&#039;Ouest-de-l&#039;\u00cele-de-Montr\u00e9al<\/option><option  value=\"CIUSSS du Centre-Ouest-de-l&#039;\u00cele-de-Montr\u00e9al\">CIUSSS du Centre-Ouest-de-l&#039;\u00cele-de-Montr\u00e9al<\/option><option  value=\"CIUSSS du Centre-Sud-de-l&#039;\u00cele-de-Montr\u00e9al\">CIUSSS du Centre-Sud-de-l&#039;\u00cele-de-Montr\u00e9al<\/option><option  value=\"CIUSSS du Nord-de-l&#039;\u00cele-de-Montr\u00e9al\">CIUSSS du Nord-de-l&#039;\u00cele-de-Montr\u00e9al<\/option><option  value=\"Direction r\u00e9gionale de sant\u00e9 publique\">Direction r\u00e9gionale de sant\u00e9 publique<\/option><option  value=\"Institut Nazareth et Louis-Braille\">Institut Nazareth et Louis-Braille<\/option><option  value=\"Autre\" class=\"frm_other_trigger\">Autre<\/option>\t<\/select>\n\t<label for=\"field_yja69-otext\" class=\"frm_screen_reader frm_hidden\">\u00c9tablissement<\/label><input type=\"text\" id=\"field_yja69-otext\" class=\"frm_other_input frm_pos_none\"  name=\"item_meta[other][1714]\" value=\"\" \/>\r\n\t\r\n\t\r\n<\/div>\n<div id=\"frm_field_1715_container\" class=\"frm_form_field form-field  frm_top_container\">\r\n\t<label for=\"field_596p2\" id=\"field_596p2_label\" class=\"frm_primary_label\">Installation\r\n\t\t<span class=\"frm_required\" aria-hidden=\"true\"><\/span>\r\n\t<\/label>\r\n    \r\n    \r\n\t<input  type=\"text\" id=\"field_596p2\" name=\"item_meta[1715]\" value=\"\"  data-invmsg=\"Installation est non valide\" aria-invalid=\"false\"   \/>\r\n\t\r\n\t\r\n<\/div>\n<div id=\"frm_field_1716_container\" class=\"frm_form_field form-field  frm_top_container\">\r\n\t<label for=\"field_jc957\" id=\"field_jc957_label\" class=\"frm_primary_label\">Direction \/ Service\r\n\t\t<span class=\"frm_required\" aria-hidden=\"true\"><\/span>\r\n\t<\/label>\r\n    \r\n    \r\n\t<input  type=\"text\" id=\"field_jc957\" name=\"item_meta[1716]\" value=\"\"  data-invmsg=\"Direction \/ Service est non valide\" aria-invalid=\"false\"   \/>\r\n\t\r\n\t\r\n<\/div>\n<div id=\"frm_field_1717_container\" class=\"frm_form_field form-field  frm_required_field frm_top_container frm_other_container\">\r\n\t<label for=\"field_y7wti\" id=\"field_y7wti_label\" class=\"frm_primary_label\">Centre de services scolaire \/ Commission scolaire\r\n\t\t<span class=\"frm_required\" aria-hidden=\"true\">*<\/span>\r\n\t<\/label>\r\n    \r\n    \r\n\t\t\t<select name=\"item_meta[1717]\" id=\"field_y7wti\"  data-placeholder=\"S\u00e9lectionner un centre \/ une commission\"  placeholder=\"S\u00e9lectionner un centre \/ une commission\" data-reqmsg=\"Veuillez s\u00e9lectionner une option.\" aria-required=\"true\" data-invmsg=\"Centre de services scolaire \/ Commission scolaire est non valide\" class=\"auto_width\" aria-invalid=\"false\"  >\n\t\t<option  class=\"frm-select-placeholder\" value=\"\" data-placeholder=\"true\">S\u00e9lectionner un centre \/ une commission<\/option><option  value=\"Centre de services scolaire de Montr\u00e9al (CSSDM)\">Centre de services scolaire de Montr\u00e9al (CSSDM)<\/option><option  value=\"Centre de services scolaire Marguerite-Bourgeoys (CSSMB)\">Centre de services scolaire Marguerite-Bourgeoys (CSSMB)<\/option><option  value=\"Centre de services scolaire de la Pointe-de-l&#039;\u00cele (CSSPI)\">Centre de services scolaire de la Pointe-de-l&#039;\u00cele (CSSPI)<\/option><option  value=\"English Montreal School Board (EMSB)\">English Montreal School Board (EMSB)<\/option><option  value=\"Lester B. Pearson School Board (LBPSB)\">Lester B. Pearson School Board (LBPSB)<\/option><option  value=\"Autre\" class=\"frm_other_trigger\">Autre<\/option>\t<\/select>\n\t<label for=\"field_y7wti-otext\" class=\"frm_screen_reader frm_hidden\">Centre de services scolaire \/ Commission scolaire<\/label><input type=\"text\" id=\"field_y7wti-otext\" class=\"frm_other_input frm_pos_none\"  name=\"item_meta[other][1717]\" value=\"\" \/>\r\n\t\r\n\t\r\n<\/div>\n<div id=\"frm_field_1718_container\" class=\"frm_form_field form-field  frm_top_container\">\r\n\t<label for=\"field_59rvm\" id=\"field_59rvm_label\" class=\"frm_primary_label\">\u00c9tablissement scolaire (ex. : \u00e9cole)\r\n\t\t<span class=\"frm_required\" aria-hidden=\"true\"><\/span>\r\n\t<\/label>\r\n    \r\n    \r\n\t<input  type=\"text\" id=\"field_59rvm\" name=\"item_meta[1718]\" value=\"\"  data-invmsg=\"\u00c9tablissement scolaire (ex. : \u00e9cole) est non valide\" aria-invalid=\"false\"   \/>\r\n\t\r\n\t\r\n<\/div>\n<div id=\"frm_field_1719_container\" class=\"frm_form_field form-field  frm_top_container\">\r\n\t<label for=\"field_cmrjd\" id=\"field_cmrjd_label\" class=\"frm_primary_label\">Service \/ D\u00e9partement (ex. : adaptation scolaire)\r\n\t\t<span class=\"frm_required\" aria-hidden=\"true\"><\/span>\r\n\t<\/label>\r\n    \r\n    \r\n\t<input  type=\"text\" id=\"field_cmrjd\" name=\"item_meta[1719]\" value=\"\"  data-invmsg=\"Service \/ D\u00e9partement (ex. : adaptation scolaire) est non valide\" aria-invalid=\"false\"   \/>\r\n\t\r\n\t\r\n<\/div>\n<div id=\"frm_field_1720_container\" class=\"frm_form_field form-field  frm_required_field frm_top_container vertical_radio\">\r\n\t<div  id=\"field_ok92q_label\" class=\"frm_primary_label\">Municipalit\u00e9\r\n\t\t<span class=\"frm_required\" aria-hidden=\"true\">*<\/span>\r\n\t<\/div>\r\n\t\r\n    \r\n    <div class=\"frm_opt_container\" aria-labelledby=\"field_ok92q_label\" role=\"radiogroup\" aria-required=\"true\">\t\t<div class=\"frm_radio\" id=\"frm_radio_1720-0\">\t\t\t<label  for=\"field_ok92q-0\">\n\t\t\t\t\t<input type=\"radio\" name=\"item_meta[1720]\" id=\"field_ok92q-0\" value=\"Ville de Montr\u00e9al\"\n\t\t data-reqmsg=\"Veuillez cocher une option.\" data-invmsg=\"Municipalit\u00e9 est non valide\"   \/> Ville de Montr\u00e9al<\/label><\/div>\n\t\t<div class=\"frm_radio\" id=\"frm_radio_1720-1\">\t\t\t<label  for=\"field_ok92q-1\">\n\t\t\t\t\t<input type=\"radio\" name=\"item_meta[1720]\" id=\"field_ok92q-1\" value=\"Ville li\u00e9e\"\n\t\t data-reqmsg=\"Veuillez cocher une option.\" data-invmsg=\"Municipalit\u00e9 est non valide\"   \/> Ville li\u00e9e<\/label><\/div>\n<\/div>\r\n\t\r\n\t\r\n<\/div>\n<div id=\"frm_field_1721_container\" class=\"frm_form_field form-field  frm_required_field frm_top_container\">\r\n\t<label for=\"field_wv2kj\" id=\"field_wv2kj_label\" class=\"frm_primary_label\">Ville-Centre \/ Arrondissement\r\n\t\t<span class=\"frm_required\" aria-hidden=\"true\">*<\/span>\r\n\t<\/label>\r\n    \r\n    \r\n\t\t\t<select name=\"item_meta[1721]\" id=\"field_wv2kj\"  data-placeholder=\"S\u00e9lectionner une option\"  placeholder=\"S\u00e9lectionner une option\" data-reqmsg=\"Veuillez s\u00e9lectionner une option.\" aria-required=\"true\" data-invmsg=\"Ville-Centre \/ Arrondissement est non valide\" class=\"auto_width\" aria-invalid=\"false\"  >\n\t\t<option  class=\"frm-select-placeholder\" value=\"\" data-placeholder=\"true\">S\u00e9lectionner une option<\/option><option  value=\"Ahuntsic-Cartierville\">Ahuntsic-Cartierville<\/option><option  value=\"Anjou\">Anjou<\/option><option  value=\"C\u00f4te-des-Neiges\u2013Notre-Dame-de-Gr\u00e2ce\">C\u00f4te-des-Neiges\u2013Notre-Dame-de-Gr\u00e2ce<\/option><option  value=\"Lachine\">Lachine<\/option><option  value=\"LaSalle\">LaSalle<\/option><option  value=\"Le Plateau-Mont-Royal\">Le Plateau-Mont-Royal<\/option><option  value=\"Le Sud-Ouest\">Le Sud-Ouest<\/option><option  value=\"L&#039;\u00cele-Bizard\u2013Sainte-Genevi\u00e8ve\">L&#039;\u00cele-Bizard\u2013Sainte-Genevi\u00e8ve<\/option><option  value=\"Mercier\u2013Hochelaga-Maisonneuve\">Mercier\u2013Hochelaga-Maisonneuve<\/option><option  value=\"Montr\u00e9al-Nord\">Montr\u00e9al-Nord<\/option><option  value=\"Outremont\">Outremont<\/option><option  value=\"Pierrefonds-Roxboro\">Pierrefonds-Roxboro<\/option><option  value=\"Rivi\u00e8re-des-Prairies\u2013Pointe-aux-Trembles\">Rivi\u00e8re-des-Prairies\u2013Pointe-aux-Trembles<\/option><option  value=\"Rosemont\u2013La Petite-Patrie\">Rosemont\u2013La Petite-Patrie<\/option><option  value=\"Saint-Laurent\">Saint-Laurent<\/option><option  value=\"Saint-L\u00e9onard\">Saint-L\u00e9onard<\/option><option  value=\"Verdun\">Verdun<\/option><option  value=\"Ville-Marie\">Ville-Marie<\/option><option  value=\"Villeray\u2013Saint-Michel\u2013Parc-Extension\">Villeray\u2013Saint-Michel\u2013Parc-Extension<\/option><option  value=\"Ville-Centre\">Ville-Centre<\/option>\t<\/select>\n\t\r\n\t\r\n\t\r\n<\/div>\n<div id=\"frm_field_1722_container\" class=\"frm_form_field form-field  frm_required_field frm_top_container\">\r\n\t<label for=\"field_mz4xt\" id=\"field_mz4xt_label\" class=\"frm_primary_label\">Ville\r\n\t\t<span class=\"frm_required\" aria-hidden=\"true\">*<\/span>\r\n\t<\/label>\r\n    \r\n    \r\n\t\t\t<select name=\"item_meta[1722]\" id=\"field_mz4xt\"  data-placeholder=\"S\u00e9lectionner une ville\"  placeholder=\"S\u00e9lectionner une ville\" data-reqmsg=\"Veuillez s\u00e9lectionner une option.\" aria-required=\"true\" data-invmsg=\"Ville est non valide\" class=\"auto_width\" aria-invalid=\"false\"  >\n\t\t<option  class=\"frm-select-placeholder\" value=\"\" data-placeholder=\"true\">S\u00e9lectionner une ville<\/option><option  value=\"Baie-D&#039;Urf\u00e9\">Baie-D&#039;Urf\u00e9<\/option><option  value=\"Beaconsfield\">Beaconsfield<\/option><option  value=\"C\u00f4te-Saint-Luc\">C\u00f4te-Saint-Luc<\/option><option  value=\"Dollard-des-Ormeaux\">Dollard-des-Ormeaux<\/option><option  value=\"Dorval\">Dorval<\/option><option  value=\"Hampstead\">Hampstead<\/option><option  value=\"Kirkland\">Kirkland<\/option><option  value=\"L&#039;\u00cele-Dorval\">L&#039;\u00cele-Dorval<\/option><option  value=\"Montr\u00e9al-Est\">Montr\u00e9al-Est<\/option><option  value=\"Montr\u00e9al-Ouest\">Montr\u00e9al-Ouest<\/option><option  value=\"Mont-Royal\">Mont-Royal<\/option><option  value=\"Pointe-Claire\">Pointe-Claire<\/option><option  value=\"Sainte-Anne-de-Bellevue\">Sainte-Anne-de-Bellevue<\/option><option  value=\"Senneville\">Senneville<\/option><option  value=\"Westmount\">Westmount<\/option>\t<\/select>\n\t\r\n\t\r\n\t\r\n<\/div>\n<div id=\"frm_field_1723_container\" class=\"frm_form_field form-field  frm_top_container\">\r\n\t<label for=\"field_l7sj1\" id=\"field_l7sj1_label\" class=\"frm_primary_label\">Service \/ Direction\r\n\t\t<span class=\"frm_required\" aria-hidden=\"true\"><\/span>\r\n\t<\/label>\r\n    \r\n    \r\n\t<input  type=\"text\" id=\"field_l7sj1\" name=\"item_meta[1723]\" value=\"\"  data-invmsg=\"Service \/ Direction est non valide\" aria-invalid=\"false\"   \/>\r\n\t\r\n\t\r\n<\/div>\n<div id=\"frm_field_1724_container\" class=\"frm_form_field form-field  frm_required_field frm_top_container\">\r\n\t<label for=\"field_te3bc\" id=\"field_te3bc_label\" class=\"frm_primary_label\">Organisme \/ Institution\r\n\t\t<span class=\"frm_required\" aria-hidden=\"true\">*<\/span>\r\n\t<\/label>\r\n    \r\n    \r\n\t<input  type=\"text\" id=\"field_te3bc\" name=\"item_meta[1724]\" value=\"\"  data-reqmsg=\"Veuillez entrer une valeur.\" aria-required=\"true\" data-invmsg=\"Organisme \/ Institution est non valide\" aria-invalid=\"false\"   \/>\r\n\t\r\n\t\r\n<\/div>\n<div id=\"frm_field_1725_container\" class=\"frm_form_field form-field  frm_top_container\">\r\n\t<label for=\"field_fcnpe\" id=\"field_fcnpe_label\" class=\"frm_primary_label\">Service \/ D\u00e9partement\r\n\t\t<span class=\"frm_required\" aria-hidden=\"true\"><\/span>\r\n\t<\/label>\r\n    \r\n    \r\n\t<input  type=\"text\" id=\"field_fcnpe\" name=\"item_meta[1725]\" value=\"\"  data-invmsg=\"Service \/ D\u00e9partement est non valide\" aria-invalid=\"false\"   \/>\r\n\t\r\n\t\r\n<\/div>\n<div id=\"frm_field_1726_container\" class=\"frm_form_field  frm_html_container form-field\">\n<h2>Informations sur la visite<\/h2>\n<p>Pour faciliter l'organisation de la journ\u00e9e, pouvez-vous nous indiquer le moment approximatif de votre visite (\u00c0 titre indicatif seulement, vous pourrez venir en tout temps, entre 10 h et 16 h, et rester le temps qui vous conviendra !)<\/p>\n<\/div>\n<div id=\"frm_field_1727_container\" class=\"frm_form_field form-field  frm_required_field frm_top_container vertical_radio\">\r\n\t<div  id=\"field_e5cp7_label\" class=\"frm_primary_label\">Quand pensez-vous venir ?\r\n\t\t<span class=\"frm_required\" aria-hidden=\"true\">*<\/span>\r\n\t<\/div>\r\n\t\r\n    \r\n    <div class=\"frm_opt_container\" aria-labelledby=\"field_e5cp7_label\" role=\"radiogroup\" aria-required=\"true\">\t\t<div class=\"frm_radio\" id=\"frm_radio_1727-0\">\t\t\t<label  for=\"field_e5cp7-0\">\n\t\t\t\t\t<input type=\"radio\" name=\"item_meta[1727]\" id=\"field_e5cp7-0\" value=\"10 h - 12 h\"\n\t\t data-reqmsg=\"Veuillez cocher une option.\" data-invmsg=\"Quand pensez-vous venir ? est non valide\"   \/> 10 h - 12 h<\/label><\/div>\n\t\t<div class=\"frm_radio\" id=\"frm_radio_1727-1\">\t\t\t<label  for=\"field_e5cp7-1\">\n\t\t\t\t\t<input type=\"radio\" name=\"item_meta[1727]\" id=\"field_e5cp7-1\" value=\"12 h - 14 h\"\n\t\t data-reqmsg=\"Veuillez cocher une option.\" data-invmsg=\"Quand pensez-vous venir ? est non valide\"   \/> 12 h - 14 h<\/label><\/div>\n\t\t<div class=\"frm_radio\" id=\"frm_radio_1727-2\">\t\t\t<label  for=\"field_e5cp7-2\">\n\t\t\t\t\t<input type=\"radio\" name=\"item_meta[1727]\" id=\"field_e5cp7-2\" value=\"14 h - 16 h\"\n\t\t data-reqmsg=\"Veuillez cocher une option.\" data-invmsg=\"Quand pensez-vous venir ? est non valide\"   \/> 14 h - 16 h<\/label><\/div>\n\t\t<div class=\"frm_radio\" id=\"frm_radio_1727-3\">\t\t\t<label  for=\"field_e5cp7-3\">\n\t\t\t\t\t<input type=\"radio\" name=\"item_meta[1727]\" id=\"field_e5cp7-3\" value=\"Je ne sais pas\"\n\t\t data-reqmsg=\"Veuillez cocher une option.\" data-invmsg=\"Quand pensez-vous venir ? est non valide\"   \/> Je ne sais pas<\/label><\/div>\n<\/div>\r\n\t\r\n\t\r\n<\/div>\n<div id=\"frm_field_1728_container\" class=\"frm_form_field form-field  frm_top_container\">\r\n\t<label for=\"field_tjtg1\" id=\"field_tjtg1_label\" class=\"frm_primary_label\">Commentaire\r\n\t\t<span class=\"frm_required\" aria-hidden=\"true\"><\/span>\r\n\t<\/label>\r\n    \r\n    \r\n\t<textarea name=\"item_meta[1728]\" id=\"field_tjtg1\" rows=\"3\"  data-invmsg=\"Commentaire est non valide\" aria-invalid=\"false\"  ><\/textarea>\r\n\t\r\n\t\r\n<\/div>\n<div id=\"frm_field_1704_container\" class=\"frm_form_field form-field \">\r\n\t<div class=\"frm_submit frm_flex\">\r\n<button class=\"frm_button_submit frm_final_submit\" type=\"submit\"   formnovalidate=\"formnovalidate\">Envoyer<\/button>\r\n\r\n\r\n<\/div>\r\n<\/div>\n\t<input type=\"hidden\" name=\"item_key\" value=\"\" \/>\n\t\t\t<div id=\"frm_field_1818_container\">\n\t\t\t<label for=\"field_13l0e\" >\n\t\t\t\tSi vous \u00eates un humain, ne remplissez pas ce champ.\t\t\t<\/label>\n\t\t\t<input  id=\"field_13l0e\" type=\"text\" class=\"frm_form_field form-field frm_verify\" name=\"item_meta[1818]\" value=\"\"  \/>\n\t\t<\/div>\n\t\t<input name=\"frm_state\" type=\"hidden\" value=\"3y\/O+1F14Hx125PPuyvHW48a\/cL+iw4Xotl9bCXETak2PAm4ZfylUx8bVTM\/usqA\" \/><\/div>\n<\/fieldset>\n<\/div>\n\n<\/form>\n<\/div>\n\n","protected":false},"excerpt":{"rendered":"<p>Venez rencontrer les organismes communautaires en d\u00e9ficience physique\u00a0! Mardi 17 mars 2026 Liste des exposants et autres informations\u00a0: Infos visiteurs Vous souhaitez faire la diff\u00e9rence et contribuer \u00e0 am\u00e9liorer la qualit\u00e9 de vie des adultes et des enfants ayant une d\u00e9ficience physique ou polyhandicap\u00e9s et de leur famille\u00a0? Inscrivez-vous d\u00e8s maintenant pour cet \u00e9v\u00e9nement incontournable!<\/p>\n","protected":false},"author":2,"featured_media":0,"parent":2738,"menu_order":7,"comment_status":"closed","ping_status":"closed","template":"","meta":{"_acf_changed":false,"footnotes":""},"class_list":["post-7937","page","type-page","status-publish","hentry"],"acf":[],"_links":{"self":[{"href":"https:\/\/dephy-mtl.org\/survey\/wp-json\/wp\/v2\/pages\/7937","targetHints":{"allow":["GET"]}}],"collection":[{"href":"https:\/\/dephy-mtl.org\/survey\/wp-json\/wp\/v2\/pages"}],"about":[{"href":"https:\/\/dephy-mtl.org\/survey\/wp-json\/wp\/v2\/types\/page"}],"author":[{"embeddable":true,"href":"https:\/\/dephy-mtl.org\/survey\/wp-json\/wp\/v2\/users\/2"}],"replies":[{"embeddable":true,"href":"https:\/\/dephy-mtl.org\/survey\/wp-json\/wp\/v2\/comments?post=7937"}],"version-history":[{"count":3,"href":"https:\/\/dephy-mtl.org\/survey\/wp-json\/wp\/v2\/pages\/7937\/revisions"}],"predecessor-version":[{"id":8092,"href":"https:\/\/dephy-mtl.org\/survey\/wp-json\/wp\/v2\/pages\/7937\/revisions\/8092"}],"up":[{"embeddable":true,"href":"https:\/\/dephy-mtl.org\/survey\/wp-json\/wp\/v2\/pages\/2738"}],"wp:attachment":[{"href":"https:\/\/dephy-mtl.org\/survey\/wp-json\/wp\/v2\/media?parent=7937"}],"curies":[{"name":"wp","href":"https:\/\/api.w.org\/{rel}","templated":true}]}}