{"id":7998,"date":"2023-09-25T17:24:23","date_gmt":"2023-09-25T21:24:23","guid":{"rendered":"https:\/\/dephy-mtl.org\/survey\/?page_id=7998"},"modified":"2023-09-25T18:10:42","modified_gmt":"2023-09-25T22:10:42","slug":"formation-comprendre-la-loi-25-sur-la-protection-des-renseignements-personnels","status":"publish","type":"page","link":"https:\/\/dephy-mtl.org\/survey\/accueil\/inscriptions-aux-activites-et-evenements\/formation-comprendre-la-loi-25-sur-la-protection-des-renseignements-personnels\/","title":{"rendered":"Formation &#8211; Comprendre la Loi 25 sur la protection des renseignements personnels"},"content":{"rendered":"<p>Saviez-vous que les nouvelles obligations d\u00e9coulant de la <em>Loi modernisant des dispositions l\u00e9gislatives en mati\u00e8re de protection des renseignements personnels<\/em>, couramment d\u00e9sign\u00e9e sous le nom de Loi 25, s&rsquo;appliquent \u00e9galement aux organismes communautaires\u00a0?<\/p>\n<p>Cette formation vous permettra d&rsquo;acqu\u00e9rir une compr\u00e9hension approfondie de cette loi, de saisir pleinement ses implications pour les organismes communautaires, ainsi que de d\u00e9mystifier l\u2019ampleur des gestes \u00e0 poser, des documents \u00e0 \u00e9laborer, et des p\u00e9nalit\u00e9s encourues. Elle vous permettra \u00e9galement d&rsquo;acqu\u00e9rir les connaissances essentielles n\u00e9cessaires pour vous y conformer et pour la mettre en \u0153uvre \u00e0 moindres frais au sein de vos organisations, afin de prot\u00e9ger les renseignements personnels de votre \u00e9quipe et de vos membres.<\/p>\n<p>Lors de cette formation, des outils et des documents mod\u00e8les con\u00e7us pour faciliter le respect des nouvelles obligations de cette loi vous seront \u00e9galement partag\u00e9s.<\/p>\n<h2>\u00c0 qui s\u2019adresse cette formation\u00a0?<\/h2>\n<p>Cette formation s\u2019adresse aux directions et aux directions adjointes.<\/p>\n<h2>Date et lieu<\/h2>\n<p>Quand\u00a0: jeudi 5 octobre 2023, de 13h \u00e0 16h<\/p>\n<p>Lieu\u00a0: via Zoom<br \/>\n<link rel='stylesheet' id='formidable-css' href='https:\/\/dephy-mtl.org\/survey\/wp-content\/plugins\/formidable\/css\/formidableforms.css?ver=3231906' media='all' \/>\n<div class=\"frm_forms  with_frm_style frm_style_survey-style-in-frm\" id=\"frm_form_68_container\" >\n<form enctype=\"multipart\/form-data\" method=\"post\" class=\"frm-show-form  frm_pro_form \" id=\"form_form-loi25\" >\n<div class=\"frm_form_fields \">\n<fieldset>\n<h2>Formulaire d'inscription<\/h2>\r\n<p><strong>1 formulaire par personne (max. 2 personnes par organisme).<\/strong><\/p>\r\n<p>L'ast\u00e9risque (*) indique un champ obligatoire.<\/p><div class=\"frm_fields_container\">\n<input type=\"hidden\" name=\"frm_action\" value=\"create\" \/>\n<input type=\"hidden\" name=\"form_id\" value=\"68\" \/>\n<input type=\"hidden\" name=\"frm_hide_fields_68\" id=\"frm_hide_fields_68\" value=\"\" \/>\n<input type=\"hidden\" name=\"form_key\" value=\"form-loi25\" \/>\n<input type=\"hidden\" name=\"item_meta[0]\" value=\"\" \/>\n<input type=\"hidden\" id=\"frm_submit_entry_68\" name=\"frm_submit_entry_68\" value=\"3ddf5e1eb3\" \/><input type=\"hidden\" name=\"_wp_http_referer\" value=\"\/survey\/wp-json\/wp\/v2\/pages\/7998\" \/><div id=\"frm_field_1659_container\" class=\"frm_form_field form-field  frm_required_field frm_top_container frm_other_container\">\r\n    <label for=\"field_member_name_0405202032\" id=\"field_member_name_0405202032_label\" class=\"frm_primary_label\">Nom de votre organisme\r\n        <span class=\"frm_required\">*<\/span>\r\n    \r\n    \r\n    <\/label>\r\n    \t\t<select name=\"item_meta[1659]\" id=\"field_member_name_0405202032\"  data-placeholder=\"S\u00e9lectionnez le nom de votre organisme\"  placeholder=\"S\u00e9lectionnez le nom de votre organisme\" data-reqmsg=\"Vous devez s\u00e9lectionner une valeur.\" aria-required=\"true\" data-invmsg=\"Nom de votre organisme est non valide\" class=\"auto_width\" aria-invalid=\"false\"  >\n\t\t<option  class=\"frm-select-placeholder\" value=\"\" data-placeholder=\"true\">S\u00e9lectionnez le nom de votre organisme<\/option><option  value=\"AIM CROIT\">AIM CROIT<\/option><option  value=\"Amalgame Montr\u00e9al Inc.\">Amalgame Montr\u00e9al Inc.<\/option><option  value=\"Association d&#039;aide et de loisirs pour personnes \u00e0 autonomie r\u00e9duite\">Association d&#039;aide et de loisirs pour personnes \u00e0 autonomie r\u00e9duite<\/option><option  value=\"Association d&#039;entraide des personnes handicap\u00e9es physiques de Montr\u00e9al\">Association d&#039;entraide des personnes handicap\u00e9es physiques de Montr\u00e9al<\/option><option  value=\"Association du Qu\u00e9bec pour Enfants avec Probl\u00e8mes Auditifs Montr\u00e9al R\u00e9gional\">Association du Qu\u00e9bec pour Enfants avec Probl\u00e8mes Auditifs Montr\u00e9al R\u00e9gional<\/option><option  value=\"Association du syndrome de Usher du Qu\u00e9bec\">Association du syndrome de Usher du Qu\u00e9bec<\/option><option  value=\"Association Dysphasie+\">Association Dysphasie+<\/option><option  value=\"Association multiethnique pour l\u2019int\u00e9gration des personnes handicap\u00e9es\">Association multiethnique pour l\u2019int\u00e9gration des personnes handicap\u00e9es<\/option><option  value=\"Association Polio Qu\u00e9bec\">Association Polio Qu\u00e9bec<\/option><option  value=\"Association qu\u00e9b\u00e9coise des personnes aphasiques\">Association qu\u00e9b\u00e9coise des personnes aphasiques<\/option><option  value=\"Association qu\u00e9b\u00e9coise des personnes de petite taille\">Association qu\u00e9b\u00e9coise des personnes de petite taille<\/option><option  value=\"Association qu\u00e9b\u00e9coise des traumatis\u00e9s cr\u00e2niens\">Association qu\u00e9b\u00e9coise des traumatis\u00e9s cr\u00e2niens<\/option><option  value=\"C.A.R.E., Centre d&#039;activit\u00e9s r\u00e9cr\u00e9atives et \u00e9ducatives\">C.A.R.E., Centre d&#039;activit\u00e9s r\u00e9cr\u00e9atives et \u00e9ducatives<\/option><option  value=\"Camp Massawippi - Centre Mackay\">Camp Massawippi - Centre Mackay<\/option><option  value=\"Centre Action\">Centre Action<\/option><option  value=\"Centre Alpha-Sourd\">Centre Alpha-Sourd<\/option><option  value=\"Centre communautaire Radisson Inc.\">Centre communautaire Radisson Inc.<\/option><option  value=\"Centre de la communaut\u00e9 sourde du Montr\u00e9al M\u00e9tropolitain\">Centre de la communaut\u00e9 sourde du Montr\u00e9al M\u00e9tropolitain<\/option><option  value=\"Centre d&#039;int\u00e9gration \u00e0 la vie avtive pour les personnes vivant avec un handicap physique\">Centre d&#039;int\u00e9gration \u00e0 la vie avtive pour les personnes vivant avec un handicap physique<\/option><option  value=\"Centre Philou\">Centre Philou<\/option><option  value=\"Club des personnes handicap\u00e9es du Lac St-Louis\">Club des personnes handicap\u00e9es du Lac St-Louis<\/option><option  value=\"\u00c9quiTo\u00eet\">\u00c9quiTo\u00eet<\/option><option  value=\"Espace Bellechasse\">Espace Bellechasse<\/option><option  value=\"Espace Multisoleil\">Espace Multisoleil<\/option><option  value=\"Fondation Papillon\">Fondation Papillon<\/option><option  value=\"Fondation sommeil\">Fondation sommeil<\/option><option  value=\"Groupe d\u2019entraide de la scl\u00e9rose en plaques Banlieue Ouest\">Groupe d\u2019entraide de la scl\u00e9rose en plaques Banlieue Ouest<\/option><option  value=\"Habitations Pignon Sur Roues\">Habitations Pignon Sur Roues<\/option><option  value=\"Hear Entendre Qu\u00e9bec\">Hear Entendre Qu\u00e9bec<\/option><option  value=\"J&#039;me fais une place en garderie\">J&#039;me fais une place en garderie<\/option><option  value=\"La Bourgade Inc.\">La Bourgade Inc.<\/option><option  value=\"La Maison des Femmes Sourdes de Montr\u00e9al\">La Maison des Femmes Sourdes de Montr\u00e9al<\/option><option  value=\"La Maison des hommes sourds\">La Maison des hommes sourds<\/option><option  value=\"L&#039;Association de spina-bifida et d&#039;hydroc\u00e9phalie du Qu\u00e9bec\">L&#039;Association de spina-bifida et d&#039;hydroc\u00e9phalie du Qu\u00e9bec<\/option><option  value=\"Le Bon Pilote INC\">Le Bon Pilote INC<\/option><option  value=\"Le Centre Viomax\">Le Centre Viomax<\/option><option  value=\"Le Groupe L\u2019Entre-Gens\">Le Groupe L\u2019Entre-Gens<\/option><option  value=\"L&#039;\u00c9toile de Pacho - R\u00e9seau d&#039;entraide pour parents d&#039;enfants handicap\u00e9s\">L&#039;\u00c9toile de Pacho - R\u00e9seau d&#039;entraide pour parents d&#039;enfants handicap\u00e9s<\/option><option  value=\"Main-Forte Montr\u00e9al Inc.\">Main-Forte Montr\u00e9al Inc.<\/option><option  value=\"Maison des Sourds\">Maison des Sourds<\/option><option  value=\"Monde sans limites\">Monde sans limites<\/option><option  value=\"Parrainage Civique de la Banlieue Ouest\">Parrainage Civique de la Banlieue Ouest<\/option><option  value=\"Promotion intervention en milieu ouvert\">Promotion intervention en milieu ouvert<\/option><option  value=\"Regroupement de services int\u00e9gr\u00e9s Propulsion\">Regroupement de services int\u00e9gr\u00e9s Propulsion<\/option><option  value=\"Regroupement des activistes pour l&#039;inclusion au Qu\u00e9bec\">Regroupement des activistes pour l&#039;inclusion au Qu\u00e9bec<\/option><option  value=\"Regroupement des aveugles et amblyopes du Montr\u00e9al m\u00e9tropolitain\">Regroupement des aveugles et amblyopes du Montr\u00e9al m\u00e9tropolitain<\/option><option  value=\"R\u00e9seau qu\u00e9b\u00e9cois pour l&#039;inclusion sociale des personnes sourdes et malentendantes\">R\u00e9seau qu\u00e9b\u00e9cois pour l&#039;inclusion sociale des personnes sourdes et malentendantes<\/option><option  value=\"R\u00eave \u00e0 nous\">R\u00eave \u00e0 nous<\/option><option  value=\"Soci\u00e9t\u00e9 canadienne de la scl\u00e9rose en plaques - Section Montr\u00e9al\">Soci\u00e9t\u00e9 canadienne de la scl\u00e9rose en plaques - Section Montr\u00e9al<\/option><option  value=\"Soci\u00e9t\u00e9 canadienne de la scl\u00e9rose en plaques - Section Est de Montr\u00e9al\">Soci\u00e9t\u00e9 canadienne de la scl\u00e9rose en plaques - Section Est de Montr\u00e9al<\/option><option  value=\"Soci\u00e9t\u00e9 de la scl\u00e9rose lat\u00e9rale amyotrophique du Qu\u00e9bec\">Soci\u00e9t\u00e9 de la scl\u00e9rose lat\u00e9rale amyotrophique du Qu\u00e9bec<\/option><option  value=\"Soci\u00e9t\u00e9 Huntington du Qu\u00e9bec\">Soci\u00e9t\u00e9 Huntington du Qu\u00e9bec<\/option><option  value=\"Soci\u00e9t\u00e9 Logique\">Soci\u00e9t\u00e9 Logique<\/option><option  value=\"Solidarit\u00e9 de parents de personnes handicap\u00e9es\">Solidarit\u00e9 de parents de personnes handicap\u00e9es<\/option><option  value=\"Th\u00e9\u00e2tre Aphasique\">Th\u00e9\u00e2tre Aphasique<\/option><option  value=\"Vie Autonome-Montr\u00e9al\">Vie Autonome-Montr\u00e9al<\/option><option  value=\"Autre\" class=\"frm_other_trigger\">Autre<\/option>\t<\/select>\n\t<label for=\"field_member_name_0405202032-otext\" class=\"frm_screen_reader frm_hidden\">Nom de votre organisme<\/label><input type=\"text\" id=\"field_member_name_0405202032-otext\" class=\"frm_other_input frm_pos_none\"  name=\"item_meta[other][1659]\" value=\"\" \/>\r\n<\/div>\n<div id=\"frm_field_1660_container\" class=\"frm_form_field form-field  frm_required_field frm_top_container\">\r\n    <label for=\"field_first_name8c4400333532\" id=\"field_first_name8c4400333532_label\" class=\"frm_primary_label\">Pr\u00e9nom\r\n        <span class=\"frm_required\">*<\/span>\r\n    \r\n    \r\n    <\/label>\r\n    <input  type=\"text\" id=\"field_first_name8c4400333532\" name=\"item_meta[1660]\" value=\"\"  data-reqmsg=\"Ce champ ne peut pas \u00eatre vide\" aria-required=\"true\" data-invmsg=\"Name est non valide\" aria-invalid=\"false\"   \/>\r\n<\/div>\n<div id=\"frm_field_1661_container\" class=\"frm_form_field form-field  frm_required_field frm_top_container\">\r\n    <label for=\"field_last_namee588a318b432\" id=\"field_last_namee588a318b432_label\" class=\"frm_primary_label\">Nom\r\n        <span class=\"frm_required\">*<\/span>\r\n    \r\n    \r\n    <\/label>\r\n    <input  type=\"text\" id=\"field_last_namee588a318b432\" name=\"item_meta[1661]\" value=\"\"  data-reqmsg=\"Ce champ ne peut pas \u00eatre vide\" aria-required=\"true\" data-invmsg=\"Last est non valide\" aria-invalid=\"false\"   \/>\r\n<\/div>\n<div id=\"frm_field_1662_container\" class=\"frm_form_field form-field  frm_required_field frm_top_container\">\r\n    <label for=\"field_functiond74d2665ba32\" id=\"field_functiond74d2665ba32_label\" class=\"frm_primary_label\">Titre ou fonction\r\n        <span class=\"frm_required\">*<\/span>\r\n    \r\n    \r\n    <\/label>\r\n    <input  type=\"text\" id=\"field_functiond74d2665ba32\" name=\"item_meta[1662]\" value=\"\"  data-reqmsg=\"Ce champ ne peut pas \u00eatre vide\" aria-required=\"true\" data-invmsg=\"Subject est non valide\" aria-invalid=\"false\"   \/>\r\n<\/div>\n<div id=\"frm_field_1663_container\" class=\"frm_form_field form-field  frm_top_container frm_first frm_half\">\r\n    <label for=\"field_phoneffa7f2ba9332\" id=\"field_phoneffa7f2ba9332_label\" class=\"frm_primary_label\">T\u00e9l\u00e9phone\r\n        <span class=\"frm_required\"><\/span>\r\n    \r\n    \r\n    <\/label>\r\n    <input  type=\"text\" id=\"field_phoneffa7f2ba9332\" name=\"item_meta[1663]\" value=\"\"  data-frmmask=\"000-000-0000\" maxlength=\"12\" data-invmsg=\"Format attendu: 514-123-1234\" aria-invalid=\"false\" pattern=\"\\d\\d\\d-\\d\\d\\d-\\d\\d\\d\\d$\"   \/>\r\n<\/div>\n<div id=\"frm_field_1664_container\" class=\"frm_form_field form-field  frm_top_container frm_half\">\r\n    <label for=\"field_phone_ext3e9626f88d32\" id=\"field_phone_ext3e9626f88d32_label\" class=\"frm_primary_label\">Poste\r\n        <span class=\"frm_required\"><\/span>\r\n    \r\n    \r\n    <\/label>\r\n    <input  type=\"text\" id=\"field_phone_ext3e9626f88d32\" name=\"item_meta[1664]\" value=\"\"  maxlength=\"7\" data-invmsg=\"Ce champ n&#039;accepte que des chiffres.\" aria-invalid=\"false\"   \/>\r\n<\/div>\n<div id=\"frm_field_1665_container\" class=\"frm_form_field form-field  frm_top_container\">\r\n    <label for=\"field_mobile841500de9432\" id=\"field_mobile841500de9432_label\" class=\"frm_primary_label\">Cellulaire\r\n        <span class=\"frm_required\"><\/span>\r\n    <div class=\"frm_description\" id=\"frm_desc_field_mobile841500de9432\">Restera confidentiel.<\/div>\r\n    \r\n    <\/label>\r\n    <input  type=\"text\" id=\"field_mobile841500de9432\" name=\"item_meta[1665]\" value=\"\"  data-frmmask=\"000-000-0000\" maxlength=\"12\" data-invmsg=\"Format attendu: 514-255-4888\" aria-invalid=\"false\" pattern=\"\\d\\d\\d-\\d\\d\\d-\\d\\d\\d\\d$\"   aria-describedby=\"frm_desc_field_mobile841500de9432\" \/>\r\n<\/div>\n<div id=\"frm_field_1666_container\" class=\"frm_form_field form-field  frm_required_field frm_top_container frm_full\">\r\n    <label for=\"field_emailcd0701449d32\" id=\"field_emailcd0701449d32_label\" class=\"frm_primary_label\">Courriel\r\n        <span class=\"frm_required\">*<\/span>\r\n    \r\n    \r\n    <\/label>\r\n    <input type=\"email\" id=\"field_emailcd0701449d32\" name=\"item_meta[1666]\" value=\"\"  data-reqmsg=\"Ce champ ne peut pas \u00eatre vide\" aria-required=\"true\" data-invmsg=\"Ce courriel n&#039;est pas valide.\" aria-invalid=\"false\"  \/>\r\n<\/div>\n<div id=\"frm_field_conf_1666_container\" class=\"frm_form_field frm_hidden_container frm_conf_field form-field  frm_required_field frm_top_container frm_full\">\r\n    <label for=\"field_conf_emailcd0701449d32\" id=\"field_conf_emailcd0701449d32_label\" class=\"frm_conf_label frm_primary_label\">Valider Courriel\r\n        <span class=\"frm_required\">*<\/span>\r\n    \r\n    \r\n    <\/label>\r\n    <input type=\"email\" id=\"field_conf_emailcd0701449d32\" name=\"item_meta[conf_1666]\" value=\"\"  placeholder=\"R\u00e9p\u00e9tez votre courriel.\" data-reqmsg=\"Ce champ ne peut pas \u00eatre vide\" aria-required=\"true\" data-confmsg=\"Les valeurs saisies ne correspondent pas\" data-invmsg=\"Ce courriel n&#039;est pas valide.\" aria-invalid=\"false\"  \/>\r\n<\/div>\n<div id=\"frm_field_1667_container\" class=\"frm_form_field form-field  frm_required_field frm_top_container vertical_radio\">\r\n    <div  id=\"field_1gmb432_label\" class=\"frm_primary_label\">Avez-vous besoin d'interpr\u00e9tation en langue des signes du Qu\u00e9bec (LSQ)?\r\n        <span class=\"frm_required\">*<\/span>\r\n    <\/div>\r\n    <div class=\"frm_opt_container\" aria-labelledby=\"field_1gmb432_label\" role=\"radiogroup\" aria-required=\"true\">\t\t<div class=\"frm_radio\" id=\"frm_radio_1667-0\">\t\t\t<label  for=\"field_1gmb432-0\">\n\t\t\t\t\t<input type=\"radio\" name=\"item_meta[1667]\" id=\"field_1gmb432-0\" value=\"0\"\n\t\t data-frmval=\"0\" data-reqmsg=\"Vous devez cocher une option.\" data-invmsg=\"Avez-vous besoin d&#039;interpr\u00e9tation en langue des signes du Qu\u00e9bec (LSQ)? est non valide\"  checked=\"checked\" \/> Non<\/label><\/div>\n\t\t<div class=\"frm_radio\" id=\"frm_radio_1667-1\">\t\t\t<label  for=\"field_1gmb432-1\">\n\t\t\t\t\t<input type=\"radio\" name=\"item_meta[1667]\" id=\"field_1gmb432-1\" value=\"1\"\n\t\t data-frmval=\"0\" data-reqmsg=\"Vous devez cocher une option.\" data-invmsg=\"Avez-vous besoin d&#039;interpr\u00e9tation en langue des signes du Qu\u00e9bec (LSQ)? est non valide\"   \/> Oui<\/label><\/div>\n<\/div>\r\n<\/div>\n<div id=\"frm_field_1668_container\" class=\"frm_form_field form-field  frm_top_container\">\r\n    <label for=\"field_comment3efa97d4733\" id=\"field_comment3efa97d4733_label\" class=\"frm_primary_label\">Commentaire\r\n        <span class=\"frm_required\"><\/span>\r\n    <\/label>\r\n    <textarea name=\"item_meta[1668]\" id=\"field_comment3efa97d4733\" rows=\"5\"  data-invmsg=\"Commentaire est non valide\" aria-invalid=\"false\"  ><\/textarea>\r\n    \r\n    \r\n<\/div>\n\t\t<input  type=\"hidden\" name=\"item_meta[1670]\" id=\"field_ryb33\" value=\"2023-10-05\"  data-frmval=\"2023-10-05\"   \/>\n\t\t<input type=\"hidden\" name=\"item_meta[1671]\" id=\"field_mup8y2\" value=\"\" data-frmval=\"\"\/>\n\t<input type=\"hidden\" name=\"item_key\" value=\"\" \/>\n\t\t\t<div id=\"frm_field_1818_container\">\n\t\t\t<label for=\"field_uz5er\" >\n\t\t\t\tSi vous \u00eates un humain, ne remplissez pas ce champ.\t\t\t<\/label>\n\t\t\t<input  id=\"field_uz5er\" type=\"text\" class=\"frm_form_field form-field frm_verify\" name=\"item_meta[1818]\" value=\"\"  \/>\n\t\t<\/div>\n\t\t<input name=\"frm_state\" type=\"hidden\" value=\"3y\/O+1F14Hx125PPuyvHWwHalHIGnvXBJFR\/eHRi1I42PAm4ZfylUx8bVTM\/usqA\" \/><div class=\"frm_submit\">\r\n\r\n<button class=\"frm_button_submit frm_final_submit\" type=\"submit\"   formnovalidate=\"formnovalidate\">S&#039;inscrire<\/button>\r\n\r\n<\/div><\/div>\n<\/fieldset>\n<\/div>\n\n<\/form>\n<\/div>\n<\/p>\n","protected":false},"excerpt":{"rendered":"<p>Saviez-vous que les nouvelles obligations d\u00e9coulant de la Loi modernisant des dispositions l\u00e9gislatives en mati\u00e8re de protection des renseignements personnels, couramment d\u00e9sign\u00e9e sous le nom de Loi 25, s&rsquo;appliquent \u00e9galement aux organismes communautaires\u00a0? Cette formation vous permettra d&rsquo;acqu\u00e9rir une compr\u00e9hension approfondie de cette loi, de saisir pleinement ses implications pour les organismes communautaires, ainsi que &hellip; <\/p>\n<p class=\"link-more\"><a href=\"https:\/\/dephy-mtl.org\/survey\/accueil\/inscriptions-aux-activites-et-evenements\/formation-comprendre-la-loi-25-sur-la-protection-des-renseignements-personnels\/\" class=\"more-link\">Continuer la lecture<span class=\"screen-reader-text\"> de &laquo;&nbsp;Formation &#8211; Comprendre la Loi 25 sur la protection des renseignements personnels&nbsp;&raquo;<\/span><\/a><\/p>\n","protected":false},"author":2,"featured_media":0,"parent":2738,"menu_order":10,"comment_status":"closed","ping_status":"closed","template":"","meta":{"_acf_changed":false,"footnotes":""},"class_list":["post-7998","page","type-page","status-publish","hentry"],"acf":[],"_links":{"self":[{"href":"https:\/\/dephy-mtl.org\/survey\/wp-json\/wp\/v2\/pages\/7998","targetHints":{"allow":["GET"]}}],"collection":[{"href":"https:\/\/dephy-mtl.org\/survey\/wp-json\/wp\/v2\/pages"}],"about":[{"href":"https:\/\/dephy-mtl.org\/survey\/wp-json\/wp\/v2\/types\/page"}],"author":[{"embeddable":true,"href":"https:\/\/dephy-mtl.org\/survey\/wp-json\/wp\/v2\/users\/2"}],"replies":[{"embeddable":true,"href":"https:\/\/dephy-mtl.org\/survey\/wp-json\/wp\/v2\/comments?post=7998"}],"version-history":[{"count":3,"href":"https:\/\/dephy-mtl.org\/survey\/wp-json\/wp\/v2\/pages\/7998\/revisions"}],"predecessor-version":[{"id":8015,"href":"https:\/\/dephy-mtl.org\/survey\/wp-json\/wp\/v2\/pages\/7998\/revisions\/8015"}],"up":[{"embeddable":true,"href":"https:\/\/dephy-mtl.org\/survey\/wp-json\/wp\/v2\/pages\/2738"}],"wp:attachment":[{"href":"https:\/\/dephy-mtl.org\/survey\/wp-json\/wp\/v2\/media?parent=7998"}],"curies":[{"name":"wp","href":"https:\/\/api.w.org\/{rel}","templated":true}]}}