{"id":8004,"date":"2023-09-25T17:31:35","date_gmt":"2023-09-25T21:31:35","guid":{"rendered":"https:\/\/dephy-mtl.org\/survey\/?page_id=8004"},"modified":"2024-01-18T18:01:58","modified_gmt":"2024-01-18T23:01:58","slug":"formation-psoc-101-montreal","status":"publish","type":"page","link":"https:\/\/dephy-mtl.org\/survey\/accueil\/inscriptions-aux-activites-et-evenements\/formation-psoc-101-montreal\/","title":{"rendered":"Formation &#8211; PSOC 101\/ Montr\u00e9al"},"content":{"rendered":"<p>Cette formation est une introduction au\u00a0Programme de soutien aux organismes communautaire (PSOC).<\/p>\n<h2>\u00c0 qui s\u2019adresse cette formation\u00a0?<\/h2>\n<p>Cette formation est r\u00e9serv\u00e9e aux organismes communautaires\u00a0qui ont leur si\u00e8ge social et qui offrent des services sur l\u2019\u00eele de Montr\u00e9al, et s\u2019adresse\u00a0:<\/p>\n<ul>\n<li>Aux nouvelles directions et directions adjointes des organismes admis au PSOC (g\u00e9r\u00e9 par le Service r\u00e9gional des activit\u00e9s communautaires du CIUSSS Centre-Sud) qui souhaitent avoir une vue d\u2019ensemble du programme, et<\/li>\n<li>Aux directions et directions adjointes dont l\u2019organismes souhaitent d\u00e9poser une premi\u00e8re demande de financement au PSOC aupr\u00e8s du Service r\u00e9gional des activit\u00e9s communautaires du CIUSSS Centre-Sud.<\/li>\n<\/ul>\n<h2>Points abord\u00e9s<\/h2>\n<ul>\n<li>Principes et valeurs de l\u2019action communautaire autonome (ACA)<\/li>\n<li>Pr\u00e9sentation du programme (documents officiels)<\/li>\n<li>Processus d\u2019admissibilit\u00e9<\/li>\n<li>Reddition de compte<\/li>\n<\/ul>\n<p><strong>\u00c0 noter qu\u2019il ne sera pas question ici du nouveau cadre PSOC. Les 8 regroupements r\u00e9gionaux montr\u00e9alais d\u2019organismes en sant\u00e9 et services sociaux, dont fait partie D\u00e9Phy Montr\u00e9al, sont en train d\u2019organiser une s\u00e9ance d\u2019information sur ce cadre dans le courant de l\u2019automne. Vous recevrez toutes les informations \u00e0 ce sujet dans les prochaines semaines.<\/strong><\/p>\n<h2>Date et lieu<\/h2>\n<p>Quand\u00a0: Mardi 24 octobre 2023, de 9h \u00e0 12h<\/p>\n<p>Lieu\u00a0: via Zoom. <\/p>\n","protected":false},"excerpt":{"rendered":"<p>Cette formation est une introduction au\u00a0Programme de soutien aux organismes communautaire (PSOC). \u00c0 qui s\u2019adresse cette formation\u00a0? Cette formation est r\u00e9serv\u00e9e aux organismes communautaires\u00a0qui ont leur si\u00e8ge social et qui offrent des services sur l\u2019\u00eele de Montr\u00e9al, et s\u2019adresse\u00a0: Aux nouvelles directions et directions adjointes des organismes admis au PSOC (g\u00e9r\u00e9 par le Service r\u00e9gional &hellip; <\/p>\n<p class=\"link-more\"><a href=\"https:\/\/dephy-mtl.org\/survey\/accueil\/inscriptions-aux-activites-et-evenements\/formation-psoc-101-montreal\/\" class=\"more-link\">Continuer la lecture<span class=\"screen-reader-text\"> de &laquo;&nbsp;Formation &#8211; PSOC 101\/ Montr\u00e9al&nbsp;&raquo;<\/span><\/a><\/p>\n","protected":false},"author":2,"featured_media":0,"parent":2738,"menu_order":12,"comment_status":"closed","ping_status":"closed","template":"","meta":{"_acf_changed":false,"footnotes":""},"class_list":["post-8004","page","type-page","status-publish","hentry"],"acf":[],"_links":{"self":[{"href":"https:\/\/dephy-mtl.org\/survey\/wp-json\/wp\/v2\/pages\/8004","targetHints":{"allow":["GET"]}}],"collection":[{"href":"https:\/\/dephy-mtl.org\/survey\/wp-json\/wp\/v2\/pages"}],"about":[{"href":"https:\/\/dephy-mtl.org\/survey\/wp-json\/wp\/v2\/types\/page"}],"author":[{"embeddable":true,"href":"https:\/\/dephy-mtl.org\/survey\/wp-json\/wp\/v2\/users\/2"}],"replies":[{"embeddable":true,"href":"https:\/\/dephy-mtl.org\/survey\/wp-json\/wp\/v2\/comments?post=8004"}],"version-history":[{"count":3,"href":"https:\/\/dephy-mtl.org\/survey\/wp-json\/wp\/v2\/pages\/8004\/revisions"}],"predecessor-version":[{"id":8044,"href":"https:\/\/dephy-mtl.org\/survey\/wp-json\/wp\/v2\/pages\/8004\/revisions\/8044"}],"up":[{"embeddable":true,"href":"https:\/\/dephy-mtl.org\/survey\/wp-json\/wp\/v2\/pages\/2738"}],"wp:attachment":[{"href":"https:\/\/dephy-mtl.org\/survey\/wp-json\/wp\/v2\/media?parent=8004"}],"curies":[{"name":"wp","href":"https:\/\/api.w.org\/{rel}","templated":true}]}}