{"id":8096,"date":"2026-01-11T22:56:59","date_gmt":"2026-01-12T03:56:59","guid":{"rendered":"https:\/\/dephy-mtl.org\/survey\/?page_id=8096"},"modified":"2026-01-12T00:45:22","modified_gmt":"2026-01-12T05:45:22","slug":"sondage-sur-les-services-daccompagnement","status":"publish","type":"page","link":"https:\/\/dephy-mtl.org\/survey\/sondages-et-enquetes\/sondage-sur-les-services-daccompagnement\/","title":{"rendered":"Sondage sur les services d&rsquo;accompagnement"},"content":{"rendered":"<h2>D\u00e9finition de l&rsquo;accompagnement<\/h2>\n<p>La Table d\u2019accompagnement du Qu\u00e9bec utilise la d\u00e9finition suivante de l\u2019accompagnement (adopt\u00e9e en 2009 par le milieu communautaire et le gouvernement)&nbsp;:<br \/>\n\u00ab&nbsp;Un service ponctuel ou r\u00e9gulier offert par une personne pour pallier les limitations fonctionnelles des personnes et pour \u00e9liminer ou franchir les obstacles physiques ou sociaux qu\u2019elles rencontrent, afin de leur permettre de participer pleinement aux activit\u00e9s et aux services dont elles ont besoin et de s\u2019int\u00e9grer \u00e0 la soci\u00e9t\u00e9.&nbsp;\u00bb<br \/>\n<link rel='stylesheet' id='formidable-css' href='https:\/\/dephy-mtl.org\/survey\/wp-content\/plugins\/formidable\/css\/formidableforms.css?ver=3231906' media='all' \/>\n<div class=\"frm_forms  with_frm_style frm_style_style-formidable\" id=\"frm_form_71_container\" data-token=\"1f325e71ff4e39e4ac7da5146e265392\">\n<form enctype=\"multipart\/form-data\" method=\"post\" class=\"frm-show-form  frm_pro_form  frm_logic_form \" id=\"form_yrjfd\" data-token=\"1f325e71ff4e39e4ac7da5146e265392\">\n<div class=\"frm_form_fields \">\n<fieldset>\n<h2>Formulaire<\/h2>\r\n<p>Les champs marqu\u00e9s d\u2019un ast\u00e9risque (*) sont obligatoires.<\/p><div class=\"frm_fields_container\">\n<input type=\"hidden\" name=\"frm_action\" value=\"create\" \/>\n<input type=\"hidden\" name=\"form_id\" value=\"71\" \/>\n<input type=\"hidden\" name=\"frm_hide_fields_71\" id=\"frm_hide_fields_71\" value=\"\" \/>\n<input type=\"hidden\" name=\"form_key\" value=\"yrjfd\" \/>\n<input type=\"hidden\" name=\"item_meta[0]\" value=\"\" \/>\n<input type=\"hidden\" id=\"frm_submit_entry_71\" name=\"frm_submit_entry_71\" value=\"849ec9622e\" \/><input type=\"hidden\" name=\"_wp_http_referer\" value=\"\/survey\/wp-json\/wp\/v2\/pages\/8096\" \/><div id=\"frm_field_1730_container\" class=\"frm_form_field  frm_html_container form-field\">\n<h3>Identification de l\u2019organisme<\/h3>\n<\/div>\n<div id=\"frm_field_1731_container\" class=\"frm_form_field form-field  frm_required_field frm_top_container\">\r\n\t<label for=\"field_pmqsg\" id=\"field_pmqsg_label\" class=\"frm_primary_label\">Nom de votre organisme\r\n\t\t<span class=\"frm_required\">*<\/span>\r\n\t<\/label>\r\n    \r\n    \r\n\t<input  type=\"text\" id=\"field_pmqsg\" name=\"item_meta[1731]\" value=\"\"  data-reqmsg=\"Veuillez entrer une valeur.\" aria-required=\"true\" data-invmsg=\"Nom de votre organisme est non valide\" aria-invalid=\"false\"   \/>\r\n\t\r\n\t\r\n<\/div>\n<div id=\"frm_field_1732_container\" class=\"frm_form_field form-field  frm_required_field frm_top_container\">\r\n\t<label for=\"field_rocfl\" id=\"field_rocfl_label\" class=\"frm_primary_label\">Courriel\r\n\t\t<span class=\"frm_required\">*<\/span>\r\n\t<\/label>\r\n    \r\n    <div class=\"frm_description\" id=\"frm_desc_field_rocfl\">Courriel d'une personne ressource pour questions au besoin.<\/div>\r\n\t<input type=\"email\" id=\"field_rocfl\" name=\"item_meta[1732]\" value=\"\"  autocomplete=\"email\"  data-reqmsg=\"Veuillez entrer une valeur.\" aria-required=\"true\" data-invmsg=\"Courriel est non valide\" aria-invalid=\"false\"   aria-describedby=\"frm_desc_field_rocfl\"\/>\r\n\t\r\n\t\r\n<\/div>\n<div id=\"frm_field_conf_1732_container\" class=\"frm_form_field frm_none_container frm_conf_field form-field  frm_required_field frm_top_container\">\r\n\t<label for=\"field_conf_rocfl\" id=\"field_conf_rocfl_label\" class=\"frm_conf_label frm_primary_label\">Valider Courriel\r\n\t\t<span class=\"frm_required\">*<\/span>\r\n\t<\/label>\r\n    \r\n    \r\n\t<input type=\"email\" id=\"field_conf_rocfl\" name=\"item_meta[conf_1732]\" value=\"\"  autocomplete=\"email\"  placeholder=\"Confirmer le courriel\" data-reqmsg=\"Veuillez entrer une valeur.\" aria-required=\"true\" data-confmsg=\"Les valeurs saisies ne correspondent pas.\" data-invmsg=\"Valider Courriel est non valide\" aria-invalid=\"false\"  \/>\r\n\t\r\n\t\r\n<\/div>\n<div id=\"frm_field_1733_container\" class=\"frm_form_field  frm_html_container form-field\">\n<h3>Client\u00e8le<\/h3>\n<\/div>\n<div id=\"frm_field_1734_container\" class=\"frm_form_field form-field  frm_required_field frm_top_container vertical_radio frm_other_container\">\r\n\t<div  id=\"field_b0ey6_label\" class=\"frm_primary_label\">Profil de la client\u00e8le desservie\r\n\t\t<span class=\"frm_required\" >*<\/span>\r\n\t<\/div>\r\n\t\r\n    <div class=\"frm_description\" id=\"frm_desc_field_b0ey6\">Cochez toutes les options pertinentes.<\/div>\r\n    <div class=\"frm_opt_container\" aria-labelledby=\"field_b0ey6_label\" role=\"group\">\t\t<div class=\"frm_checkbox\" id=\"frm_checkbox_1734-0\">\t\t\t<label  for=\"field_b0ey6-0\">\n\t\t\t<input type=\"checkbox\" name=\"item_meta[1734][]\" id=\"field_b0ey6-0\" value=\"A\u00een\u00e9s\"  data-frmlimit=\"6\"  data-frmmin=\"1\"  data-reqmsg=\"Veuillez entrer une valeur.\" data-invmsg=\"Profil de la client\u00e8le desservie est non valide\"   aria-required=\"true\"  \/> A\u00een\u00e9s<\/label><\/div>\n\t\t<div class=\"frm_checkbox\" id=\"frm_checkbox_1734-1\">\t\t\t<label  for=\"field_b0ey6-1\">\n\t\t\t<input type=\"checkbox\" name=\"item_meta[1734][]\" id=\"field_b0ey6-1\" value=\"D\u00e9ficience auditive\"  data-frmlimit=\"6\"  data-frmmin=\"1\"  data-reqmsg=\"Veuillez entrer une valeur.\" data-invmsg=\"Profil de la client\u00e8le desservie est non valide\"   \/> D\u00e9ficience auditive<\/label><\/div>\n\t\t<div class=\"frm_checkbox\" id=\"frm_checkbox_1734-2\">\t\t\t<label  for=\"field_b0ey6-2\">\n\t\t\t<input type=\"checkbox\" name=\"item_meta[1734][]\" id=\"field_b0ey6-2\" value=\"D\u00e9ficience cognitive\"  data-frmlimit=\"6\"  data-frmmin=\"1\"  data-reqmsg=\"Veuillez entrer une valeur.\" data-invmsg=\"Profil de la client\u00e8le desservie est non valide\"   \/> D\u00e9ficience cognitive<\/label><\/div>\n\t\t<div class=\"frm_checkbox\" id=\"frm_checkbox_1734-3\">\t\t\t<label  for=\"field_b0ey6-3\">\n\t\t\t<input type=\"checkbox\" name=\"item_meta[1734][]\" id=\"field_b0ey6-3\" value=\"D\u00e9ficience intellectuelle\"  data-frmlimit=\"6\"  data-frmmin=\"1\"  data-reqmsg=\"Veuillez entrer une valeur.\" data-invmsg=\"Profil de la client\u00e8le desservie est non valide\"   \/> D\u00e9ficience intellectuelle<\/label><\/div>\n\t\t<div class=\"frm_checkbox\" id=\"frm_checkbox_1734-4\">\t\t\t<label  for=\"field_b0ey6-4\">\n\t\t\t<input type=\"checkbox\" name=\"item_meta[1734][]\" id=\"field_b0ey6-4\" value=\"D\u00e9ficience motrice\"  data-frmlimit=\"6\"  data-frmmin=\"1\"  data-reqmsg=\"Veuillez entrer une valeur.\" data-invmsg=\"Profil de la client\u00e8le desservie est non valide\"   \/> D\u00e9ficience motrice<\/label><\/div>\n\t\t<div class=\"frm_checkbox\" id=\"frm_checkbox_1734-5\">\t\t\t<label  for=\"field_b0ey6-5\">\n\t\t\t<input type=\"checkbox\" name=\"item_meta[1734][]\" id=\"field_b0ey6-5\" value=\"D\u00e9ficience organique \/ maladie chronique\"  data-frmlimit=\"6\"  data-frmmin=\"1\"  data-reqmsg=\"Veuillez entrer une valeur.\" data-invmsg=\"Profil de la client\u00e8le desservie est non valide\"   \/> D\u00e9ficience organique \/ maladie chronique<\/label><\/div>\n\t\t<div class=\"frm_checkbox\" id=\"frm_checkbox_1734-6\">\t\t\t<label  for=\"field_b0ey6-6\">\n\t\t\t<input type=\"checkbox\" name=\"item_meta[1734][]\" id=\"field_b0ey6-6\" value=\"D\u00e9ficience visuelle\"  data-frmlimit=\"6\"  data-frmmin=\"1\"  data-reqmsg=\"Veuillez entrer une valeur.\" data-invmsg=\"Profil de la client\u00e8le desservie est non valide\"   \/> D\u00e9ficience visuelle<\/label><\/div>\n\t\t<div class=\"frm_checkbox\" id=\"frm_checkbox_1734-7\">\t\t\t<label  for=\"field_b0ey6-7\">\n\t\t\t<input type=\"checkbox\" name=\"item_meta[1734][]\" id=\"field_b0ey6-7\" value=\"D\u00e9pendance\"  data-frmlimit=\"6\"  data-frmmin=\"1\"  data-reqmsg=\"Veuillez entrer une valeur.\" data-invmsg=\"Profil de la client\u00e8le desservie est non valide\"   \/> D\u00e9pendance<\/label><\/div>\n\t\t<div class=\"frm_checkbox\" id=\"frm_checkbox_1734-8\">\t\t\t<label  for=\"field_b0ey6-8\">\n\t\t\t<input type=\"checkbox\" name=\"item_meta[1734][]\" id=\"field_b0ey6-8\" value=\"Polyhandicap\"  data-frmlimit=\"6\"  data-frmmin=\"1\"  data-reqmsg=\"Veuillez entrer une valeur.\" data-invmsg=\"Profil de la client\u00e8le desservie est non valide\"   \/> Polyhandicap<\/label><\/div>\n\t\t<div class=\"frm_checkbox\" id=\"frm_checkbox_1734-9\">\t\t\t<label  for=\"field_b0ey6-9\">\n\t\t\t<input type=\"checkbox\" name=\"item_meta[1734][]\" id=\"field_b0ey6-9\" value=\"Sant\u00e9 mentale\"  data-frmlimit=\"6\"  data-frmmin=\"1\"  data-reqmsg=\"Veuillez entrer une valeur.\" data-invmsg=\"Profil de la client\u00e8le desservie est non valide\"   \/> Sant\u00e9 mentale<\/label><\/div>\n\t\t<div class=\"frm_checkbox\" id=\"frm_checkbox_1734-10\">\t\t\t<label  for=\"field_b0ey6-10\">\n\t\t\t<input type=\"checkbox\" name=\"item_meta[1734][]\" id=\"field_b0ey6-10\" value=\"Troubles du langage ou de la parole\"  data-frmlimit=\"6\"  data-frmmin=\"1\"  data-reqmsg=\"Veuillez entrer une valeur.\" data-invmsg=\"Profil de la client\u00e8le desservie est non valide\"   \/> Troubles du langage ou de la parole<\/label><\/div>\n\t\t<div class=\"frm_checkbox\" id=\"frm_checkbox_1734-11\">\t\t\t<label  for=\"field_b0ey6-11\">\n\t\t\t<input type=\"checkbox\" name=\"item_meta[1734][]\" id=\"field_b0ey6-11\" value=\"Troubles du spectre de l&#039;autisme\"  data-frmlimit=\"6\"  data-frmmin=\"1\"  data-reqmsg=\"Veuillez entrer une valeur.\" data-invmsg=\"Profil de la client\u00e8le desservie est non valide\"   \/> Troubles du spectre de l'autisme<\/label><\/div>\n\t\t<div class=\"frm_checkbox\" id=\"frm_checkbox_1734-other_12\">\t\t\t<label  for=\"field_b0ey6-other_12\">\n\t\t\t<input type=\"checkbox\" name=\"item_meta[1734][other_12]\" id=\"field_b0ey6-other_12\" value=\"Autre (pr\u00e9cisez)\"  data-frmlimit=\"6\"  data-frmmin=\"1\"  data-reqmsg=\"Veuillez entrer une valeur.\" data-invmsg=\"Profil de la client\u00e8le desservie est non valide\"   \/> Autre (pr\u00e9cisez)<\/label><label for=\"field_b0ey6-other_12-otext\" class=\"frm_screen_reader frm_hidden\">Autre (pr\u00e9cisez)<\/label><input type=\"text\" id=\"field_b0ey6-other_12-otext\" class=\"frm_other_input frm_pos_none\"  name=\"item_meta[other][1734][other_12]\" value=\"\" \/><\/div>\n<\/div>\r\n\t\r\n\t\r\n<\/div>\n<div id=\"frm_field_1735_container\" class=\"frm_form_field  frm_html_container form-field\">\n<h3>Services d'accompagnement<\/h3>\n<\/div>\n<div id=\"frm_field_1736_container\" class=\"frm_form_field form-field  frm_required_field frm_top_container\">\r\n\t<label for=\"field_2pkcs\" id=\"field_2pkcs_label\" class=\"frm_primary_label\">Types d\u2019accompagnement offerts\r\n\t\t<span class=\"frm_required\">*<\/span>\r\n\t<\/label>\r\n    \r\n    <div class=\"frm_description\" id=\"frm_desc_field_2pkcs\">Indiquez tous les types d\u2019accompagnement que vous offrez, id\u00e9alement par ordre de fr\u00e9quence (du plus fr\u00e9quent au moins fr\u00e9quent). Ex.&nbsp;: transport, rendez-vous m\u00e9dicaux, loisirs, d\u00e9marches administratives, courses.<\/div>\r\n\t<textarea data-auto-grow=\"1\"  name=\"item_meta[1736]\" id=\"field_2pkcs\" rows=\"5\"  data-reqmsg=\"Veuillez entrer une valeur.\" aria-required=\"true\" data-invmsg=\"Types d\u2019accompagnement offerts est non valide\" aria-invalid=\"false\"   aria-describedby=\"frm_desc_field_2pkcs\"><\/textarea>\r\n\t\r\n\t\r\n<\/div>\n<div id=\"frm_field_1737_container\" class=\"frm_form_field form-field  frm_required_field frm_top_container vertical_radio\">\r\n\t<div  id=\"field_3in8s_label\" class=\"frm_primary_label\">Y a-t-il des types de demandes auxquelles vous ne pouvez pas r\u00e9pondre?\r\n\t\t<span class=\"frm_required\">*<\/span>\r\n\t<\/div>\r\n\t\r\n    \r\n    <div class=\"frm_opt_container\" aria-labelledby=\"field_3in8s_label\" role=\"radiogroup\" aria-required=\"true\">\t\t<div class=\"frm_radio\" id=\"frm_radio_1737-1\">\t\t\t<label  for=\"field_3in8s-1\">\n\t\t\t\t\t<input type=\"radio\" name=\"item_meta[1737]\" id=\"field_3in8s-1\" value=\"Oui\"\n\t\t data-reqmsg=\"Veuillez entrer une valeur.\" data-invmsg=\"Y a-t-il des types de demandes auxquelles vous ne pouvez pas r\u00e9pondre? est non valide\"   \/> Oui<\/label><\/div>\n\t\t<div class=\"frm_radio\" id=\"frm_radio_1737-2\">\t\t\t<label  for=\"field_3in8s-2\">\n\t\t\t\t\t<input type=\"radio\" name=\"item_meta[1737]\" id=\"field_3in8s-2\" value=\"Non\"\n\t\t data-reqmsg=\"Veuillez entrer une valeur.\" data-invmsg=\"Y a-t-il des types de demandes auxquelles vous ne pouvez pas r\u00e9pondre? est non valide\"   \/> Non<\/label><\/div>\n<\/div>\r\n\t\r\n\t\r\n<\/div>\n<div id=\"frm_field_1738_container\" class=\"frm_form_field form-field  frm_required_field frm_top_container\">\r\n\t<label for=\"field_yyznl\" id=\"field_yyznl_label\" class=\"frm_primary_label\">\u00c0 quelles demandes ne pouvez-vous pas r\u00e9pondre? Pourquoi?\r\n\t\t<span class=\"frm_required\">*<\/span>\r\n\t<\/label>\r\n    \r\n    \r\n\t<textarea data-auto-grow=\"1\"  name=\"item_meta[1738]\" id=\"field_yyznl\" rows=\"3\"  data-reqmsg=\"Veuillez entrer une valeur.\" aria-required=\"true\" data-invmsg=\"\u00c0 quelles demandes ne pouvez-vous pas r\u00e9pondre? Pourquoi? est non valide\" aria-invalid=\"false\"  ><\/textarea>\r\n\t\r\n\t\r\n<\/div>\n<div id=\"frm_field_1739_container\" class=\"frm_form_field form-field  frm_top_container vertical_radio\">\r\n\t<div  id=\"field_kgfk8_label\" class=\"frm_primary_label\">Selon vous, un type d\u2019accompagnement devrait-il \u00eatre prioris\u00e9?\r\n\t\t<span class=\"frm_required\"><\/span>\r\n\t<\/div>\r\n\t\r\n    \r\n    <div class=\"frm_opt_container\" aria-labelledby=\"field_kgfk8_label\" role=\"radiogroup\">\t\t<div class=\"frm_radio\" id=\"frm_radio_1739-0\">\t\t\t<label  for=\"field_kgfk8-0\">\n\t\t\t\t\t<input type=\"radio\" name=\"item_meta[1739]\" id=\"field_kgfk8-0\" value=\"Oui\"\n\t\t data-invmsg=\"Selon vous, un type d\u2019accompagnement devrait-il \u00eatre prioris\u00e9? est non valide\"   \/> Oui<\/label><\/div>\n\t\t<div class=\"frm_radio\" id=\"frm_radio_1739-1\">\t\t\t<label  for=\"field_kgfk8-1\">\n\t\t\t\t\t<input type=\"radio\" name=\"item_meta[1739]\" id=\"field_kgfk8-1\" value=\"Non\"\n\t\t data-invmsg=\"Selon vous, un type d\u2019accompagnement devrait-il \u00eatre prioris\u00e9? est non valide\"   \/> Non<\/label><\/div>\n<\/div>\r\n\t\r\n\t\r\n<\/div>\n<div id=\"frm_field_1740_container\" class=\"frm_form_field form-field  frm_required_field frm_top_container\">\r\n\t<label for=\"field_9vasj\" id=\"field_9vasj_label\" class=\"frm_primary_label\">Quel type d\u2019accompagnement devrait \u00eatre prioris\u00e9?\r\n\t\t<span class=\"frm_required\">*<\/span>\r\n\t<\/label>\r\n    \r\n    \r\n\t<textarea data-auto-grow=\"1\"  name=\"item_meta[1740]\" id=\"field_9vasj\" rows=\"3\"  data-reqmsg=\"Veuillez entrer une valeur.\" aria-required=\"true\" data-invmsg=\"Quel type d\u2019accompagnement devrait \u00eatre prioris\u00e9? est non valide\" aria-invalid=\"false\"  ><\/textarea>\r\n\t\r\n\t\r\n<\/div>\n<div id=\"frm_field_1741_container\" class=\"frm_form_field form-field  frm_top_container\">\r\n\t<label for=\"field_tzqz2\" id=\"field_tzqz2_label\" class=\"frm_primary_label\">Commentaires ou suggestions\r\n\t\t<span class=\"frm_required\" aria-hidden=\"true\"><\/span>\r\n\t<\/label>\r\n    \r\n    \r\n\t<textarea name=\"item_meta[1741]\" id=\"field_tzqz2\" rows=\"5\"  data-invmsg=\"Commentaires ou suggestions est non valide\" aria-invalid=\"false\"  ><\/textarea>\r\n\t\r\n\t\r\n<\/div>\n<div id=\"frm_field_1729_container\" class=\"frm_form_field form-field \">\r\n\t<div class=\"frm_submit frm_flex\">\r\n<button class=\"frm_button_submit frm_final_submit\" type=\"submit\"   formnovalidate=\"formnovalidate\">Envoyer<\/button>\r\n\r\n\r\n\r\n<\/div>\r\n<\/div>\n\t<input type=\"hidden\" name=\"item_key\" value=\"\" \/>\n\t\t\t<div id=\"frm_field_1818_container\">\n\t\t\t<label for=\"field_snlfc\" >\n\t\t\t\tSi vous \u00eates un humain, ne remplissez pas ce champ.\t\t\t<\/label>\n\t\t\t<input  id=\"field_snlfc\" type=\"text\" class=\"frm_form_field form-field frm_verify\" name=\"item_meta[1818]\" value=\"\"  \/>\n\t\t<\/div>\n\t\t<input name=\"frm_state\" type=\"hidden\" value=\"3y\/O+1F14Hx125PPuyvHW9OXRoYMKmn4RdcV+qTs1+w2PAm4ZfylUx8bVTM\/usqA\" \/><\/div>\n<\/fieldset>\n<\/div>\n\n<\/form>\n<\/div>\n<\/p>\n","protected":false},"excerpt":{"rendered":"<p>D\u00e9finition de l&rsquo;accompagnement La Table d\u2019accompagnement du Qu\u00e9bec utilise la d\u00e9finition suivante de l\u2019accompagnement (adopt\u00e9e en 2009 par le milieu communautaire et le gouvernement)&nbsp;: \u00ab&nbsp;Un service ponctuel ou r\u00e9gulier offert par une personne pour pallier les limitations fonctionnelles des personnes et pour \u00e9liminer ou franchir les obstacles physiques ou sociaux qu\u2019elles rencontrent, afin de leur &hellip; <\/p>\n<p class=\"link-more\"><a href=\"https:\/\/dephy-mtl.org\/survey\/sondages-et-enquetes\/sondage-sur-les-services-daccompagnement\/\" class=\"more-link\">Continuer la lecture<span class=\"screen-reader-text\"> de &laquo;&nbsp;Sondage sur les services d&rsquo;accompagnement&nbsp;&raquo;<\/span><\/a><\/p>\n","protected":false},"author":2,"featured_media":0,"parent":36,"menu_order":0,"comment_status":"closed","ping_status":"closed","template":"","meta":{"_acf_changed":false,"footnotes":""},"class_list":["post-8096","page","type-page","status-publish","hentry"],"acf":[],"_links":{"self":[{"href":"https:\/\/dephy-mtl.org\/survey\/wp-json\/wp\/v2\/pages\/8096","targetHints":{"allow":["GET"]}}],"collection":[{"href":"https:\/\/dephy-mtl.org\/survey\/wp-json\/wp\/v2\/pages"}],"about":[{"href":"https:\/\/dephy-mtl.org\/survey\/wp-json\/wp\/v2\/types\/page"}],"author":[{"embeddable":true,"href":"https:\/\/dephy-mtl.org\/survey\/wp-json\/wp\/v2\/users\/2"}],"replies":[{"embeddable":true,"href":"https:\/\/dephy-mtl.org\/survey\/wp-json\/wp\/v2\/comments?post=8096"}],"version-history":[{"count":3,"href":"https:\/\/dephy-mtl.org\/survey\/wp-json\/wp\/v2\/pages\/8096\/revisions"}],"predecessor-version":[{"id":8101,"href":"https:\/\/dephy-mtl.org\/survey\/wp-json\/wp\/v2\/pages\/8096\/revisions\/8101"}],"up":[{"embeddable":true,"href":"https:\/\/dephy-mtl.org\/survey\/wp-json\/wp\/v2\/pages\/36"}],"wp:attachment":[{"href":"https:\/\/dephy-mtl.org\/survey\/wp-json\/wp\/v2\/media?parent=8096"}],"curies":[{"name":"wp","href":"https:\/\/api.w.org\/{rel}","templated":true}]}}